{"id":1013,"date":"2021-02-14T09:19:26","date_gmt":"2021-02-14T14:19:26","guid":{"rendered":"https:\/\/regalosecologicosperu.com\/?page_id=1013"},"modified":"2021-02-14T11:50:37","modified_gmt":"2021-02-14T16:50:37","slug":"comprar-regalos-ecologicos-peru-lima-sostenibles-corporativos-empresas","status":"publish","type":"page","link":"https:\/\/regalosecologicosperu.com\/index.php\/comprar-regalos-ecologicos-peru-lima-sostenibles-corporativos-empresas\/","title":{"rendered":"Comprar Regalos Ecologicos Peru lima Sostenibles Corporativos Empresas"},"content":{"rendered":"<p>[et_pb_section fb_built=\u00bb1&#8243; _builder_version=\u00bb4.9.0&#8243; _module_preset=\u00bbdefault\u00bb custom_padding=\u00bb0px|||||\u00bb][et_pb_row _builder_version=\u00bb4.9.0&#8243; _module_preset=\u00bbdefault\u00bb custom_padding=\u00bb21px|||||\u00bb][et_pb_column type=\u00bb4_4&#8243; _builder_version=\u00bb4.9.0&#8243; _module_preset=\u00bbdefault\u00bb][et_pb_image src=\u00bbhttps:\/\/regalosecologicosperu.com\/wp-content\/uploads\/2021\/02\/regalos-ecologicos-peru-corporativos-empresariales-lima-peru-delivery-min.jpg\u00bb alt=\u00bbregalos ecologicos peru corporativos empresariales lima peru delivery\u00bb title_text=\u00bbregalos ecologicos peru corporativos empresariales lima peru delivery-min\u00bb _builder_version=\u00bb4.9.0&#8243; _module_preset=\u00bbdefault\u00bb custom_margin=\u00bb-10px|||||\u00bb][\/et_pb_image][et_pb_text _builder_version=\u00bb4.9.0&#8243; _module_preset=\u00bbdefault\u00bb hover_enabled=\u00bb0&#8243; sticky_enabled=\u00bb0&#8243; custom_margin=\u00bb57px|||||\u00bb]<\/p>\n<h2 style=\"text-align: center;\">Comprar de manera sencilla en 4 Pasos<\/h2>\n<p>[\/et_pb_text][\/et_pb_column][\/et_pb_row][et_pb_row column_structure=\u00bb1_4,1_4,1_4,1_4&#8243; _builder_version=\u00bb4.9.0&#8243; _module_preset=\u00bbdefault\u00bb custom_margin=\u00bb19px|auto||auto||\u00bb][et_pb_column type=\u00bb1_4&#8243; _builder_version=\u00bb4.9.0&#8243; _module_preset=\u00bbdefault\u00bb][et_pb_blurb title=\u00bbElige tus productos\u00bb use_icon=\u00bbon\u00bb font_icon=\u00bb%%372%%\u00bb icon_color=\u00bb#000000&#8243; _builder_version=\u00bb4.9.0&#8243; _module_preset=\u00bbdefault\u00bb text_orientation=\u00bbcenter\u00bb]<\/p>\n<p style=\"text-align: center;\">Puedes ver todos nuestros productos en\u00a0\u00a0<span style=\"font-size: 14px;\">nuestra web y elegir el que desees con toda tranquilidad 24\/7<\/span><\/p>\n<p>[\/et_pb_blurb][\/et_pb_column][et_pb_column type=\u00bb1_4&#8243; _builder_version=\u00bb4.9.0&#8243; _module_preset=\u00bbdefault\u00bb][et_pb_blurb title=\u00bbCotiza tus Productos\u00bb use_icon=\u00bbon\u00bb font_icon=\u00bb%%86%%\u00bb icon_color=\u00bb#000000&#8243; _builder_version=\u00bb4.9.0&#8243; _module_preset=\u00bbdefault\u00bb text_orientation=\u00bbcenter\u00bb]<\/p>\n<p style=\"text-align: center;\">Elige tus productos y comun\u00edcate con nosotros v\u00eda WhatsApp o Correo indic\u00e1ndonos cantidad y fecha de entrega para cotizar tu pedido o generar tu Orden de Pago.\u00a0<\/p>\n<p style=\"text-align: center;\">\n<p>[\/et_pb_blurb][\/et_pb_column][et_pb_column type=\u00bb1_4&#8243; _builder_version=\u00bb4.9.0&#8243; _module_preset=\u00bbdefault\u00bb][et_pb_blurb title=\u00bbPersonalizaci\u00f3n\u00bb use_icon=\u00bbon\u00bb font_icon=\u00bb%%379%%\u00bb icon_color=\u00bb#000000&#8243; _builder_version=\u00bb4.9.0&#8243; _module_preset=\u00bbdefault\u00bb text_orientation=\u00bbcenter\u00bb]<\/p>\n<p style=\"text-align: center;\">Una vez comprados tus productos, procedemos a personalizarlos contigo.<\/p>\n<p>[\/et_pb_blurb][\/et_pb_column][et_pb_column type=\u00bb1_4&#8243; _builder_version=\u00bb4.9.0&#8243; _module_preset=\u00bbdefault\u00bb][et_pb_blurb title=\u00bbRecibe tu Pedido \u00bb use_icon=\u00bbon\u00bb font_icon=\u00bb%%102%%\u00bb icon_color=\u00bb#000000&#8243; _builder_version=\u00bb4.9.0&#8243; _module_preset=\u00bbdefault\u00bb text_orientation=\u00bbcenter\u00bb]<\/p>\n<p style=\"text-align: center;\">Recibe tu pedido en la fecha pactada y en el lugar indicado. Hacemos Delivery a todo Lima y Envios a todo el Per\u00fa<\/p>\n<p>[\/et_pb_blurb][\/et_pb_column][\/et_pb_row][\/et_pb_section]<\/p>\n","protected":false},"excerpt":{"rendered":"<p>Comprar de manera sencilla en 4 PasosPuedes ver todos nuestros productos en\u00a0\u00a0nuestra web y elegir el que desees con toda tranquilidad 24\/7Elige tus productos y comun\u00edcate con nosotros v\u00eda WhatsApp o Correo indic\u00e1ndonos cantidad y fecha de entrega para cotizar tu pedido o generar tu Orden de Pago.\u00a0 Una vez comprados tus productos, procedemos a [&hellip;]<\/p>\n","protected":false},"author":1,"featured_media":0,"parent":0,"menu_order":0,"comment_status":"closed","ping_status":"closed","template":"","meta":{"_et_pb_use_builder":"on","_et_pb_old_content":"<!-- wp:divi\/placeholder \/-->","_et_gb_content_width":"","_joinchat":[],"footnotes":""},"class_list":["post-1013","page","type-page","status-publish","hentry"],"jetpack_sharing_enabled":true,"_links":{"self":[{"href":"https:\/\/regalosecologicosperu.com\/index.php\/wp-json\/wp\/v2\/pages\/1013","targetHints":{"allow":["GET"]}}],"collection":[{"href":"https:\/\/regalosecologicosperu.com\/index.php\/wp-json\/wp\/v2\/pages"}],"about":[{"href":"https:\/\/regalosecologicosperu.com\/index.php\/wp-json\/wp\/v2\/types\/page"}],"author":[{"embeddable":true,"href":"https:\/\/regalosecologicosperu.com\/index.php\/wp-json\/wp\/v2\/users\/1"}],"replies":[{"embeddable":true,"href":"https:\/\/regalosecologicosperu.com\/index.php\/wp-json\/wp\/v2\/comments?post=1013"}],"version-history":[{"count":0,"href":"https:\/\/regalosecologicosperu.com\/index.php\/wp-json\/wp\/v2\/pages\/1013\/revisions"}],"wp:attachment":[{"href":"https:\/\/regalosecologicosperu.com\/index.php\/wp-json\/wp\/v2\/media?parent=1013"}],"curies":[{"name":"wp","href":"https:\/\/api.w.org\/{rel}","templated":true}]}}