{"id":11,"date":"2019-11-03T10:49:06","date_gmt":"2019-11-03T15:49:06","guid":{"rendered":"https:\/\/regalosecologicosperu.com\/?page_id=11"},"modified":"2023-09-11T14:51:00","modified_gmt":"2023-09-11T19:51:00","slug":"inicio","status":"publish","type":"page","link":"https:\/\/regalosecologicosperu.com\/","title":{"rendered":"Inicio"},"content":{"rendered":"<p>[et_pb_section fb_built=\u00bb1&#8243; _builder_version=\u00bb4.16&#8243; custom_padding=\u00bb11px|||||\u00bb global_colors_info=\u00bb{}\u00bb][et_pb_row _builder_version=\u00bb4.16&#8243; custom_margin=\u00bb-15px|auto||auto||\u00bb custom_padding=\u00bb0px|||||\u00bb global_colors_info=\u00bb{}\u00bb][et_pb_column type=\u00bb4_4&#8243; _builder_version=\u00bb4.16&#8243; global_colors_info=\u00bb{}\u00bb][et_pb_gallery gallery_ids=\u00bb852,855,859&#8243; fullwidth=\u00bbon\u00bb _builder_version=\u00bb4.16&#8243; custom_padding=\u00bb7px|||||\u00bb auto=\u00bbon\u00bb global_colors_info=\u00bb{}\u00bb][\/et_pb_gallery][\/et_pb_column][\/et_pb_row][et_pb_row column_structure=\u00bb1_4,1_4,1_4,1_4&#8243; _builder_version=\u00bb4.16&#8243; custom_margin=\u00bb44px|auto||auto||\u00bb global_colors_info=\u00bb{}\u00bb][et_pb_column type=\u00bb1_4&#8243; _builder_version=\u00bb4.16&#8243; global_colors_info=\u00bb{}\u00bb][et_pb_blurb title=\u00bbSeguridad y Confianza\u00bb use_icon=\u00bbon\u00bb font_icon=\u00bb&#x7e;||divi||400&#8243; icon_color=\u00bb#000000&#8243; image_icon_width=\u00bb70px\u00bb _builder_version=\u00bb4.16&#8243; header_font_size=\u00bb15px\u00bb body_font_size=\u00bb12px\u00bb text_orientation=\u00bbcenter\u00bb icon_font_size=\u00bb70px\u00bb global_colors_info=\u00bb{}\u00bb]<\/p>\n<p>\u00a0Somos una empresa formal con m\u00e1s de 10 a\u00f1os de experiencia trabajando con muchas empresas de Per\u00fa<\/p>\n<p>[\/et_pb_blurb][\/et_pb_column][et_pb_column type=\u00bb1_4&#8243; _builder_version=\u00bb4.16&#8243; global_colors_info=\u00bb{}\u00bb][et_pb_blurb title=\u00bbProductos de Calidad\u00bb use_icon=\u00bbon\u00bb font_icon=\u00bb&#xe033;||divi||400&#8243; icon_color=\u00bb#000000&#8243; image_icon_width=\u00bb70px\u00bb _builder_version=\u00bb4.16&#8243; header_font_size=\u00bb15px\u00bb body_font_size=\u00bb12px\u00bb text_orientation=\u00bbcenter\u00bb icon_font_size=\u00bb70px\u00bb global_colors_info=\u00bb{}\u00bb]<\/p>\n<p>Usamos insumos ecol\u00f3gicos certificados, fabricados con los mas altos estandares de calidad<\/p>\n<p>[\/et_pb_blurb][\/et_pb_column][et_pb_column type=\u00bb1_4&#8243; _builder_version=\u00bb4.16&#8243; global_colors_info=\u00bb{}\u00bb][et_pb_blurb title=\u00bbEcol\u00f3gicos y Sostenibles\u00bb use_icon=\u00bbon\u00bb font_icon=\u00bb&#xe02a;||divi||400&#8243; icon_color=\u00bb#000000&#8243; image_icon_width=\u00bb70px\u00bb _builder_version=\u00bb4.16&#8243; header_font_size=\u00bb15px\u00bb body_font_size=\u00bb12px\u00bb text_orientation=\u00bbcenter\u00bb icon_font_size=\u00bb70px\u00bb global_colors_info=\u00bb{}\u00bb]<\/p>\n<p>Nuestros productos son \u00fanicos, reciclables, biodegradables y de bajo impacto en el planeta.<\/p>\n<p>[\/et_pb_blurb][\/et_pb_column][et_pb_column type=\u00bb1_4&#8243; _builder_version=\u00bb4.16&#8243; global_colors_info=\u00bb{}\u00bb][et_pb_blurb title=\u00bbRegalos Unicos\u00bb use_icon=\u00bbon\u00bb font_icon=\u00bb&#xe008;||divi||400&#8243; icon_color=\u00bb#000000&#8243; image_icon_width=\u00bb70px\u00bb _builder_version=\u00bb4.16&#8243; header_font_size=\u00bb15px\u00bb body_font_size=\u00bb12px\u00bb text_orientation=\u00bbcenter\u00bb icon_font_size=\u00bb70px\u00bb global_colors_info=\u00bb{}\u00bb]<\/p>\n<p>Son hechos a mano, cuidando cada detalle, porque sabemos que cada colaborador es especial e \u00fanico<\/p>\n<p>[\/et_pb_blurb][\/et_pb_column][\/et_pb_row][et_pb_row column_structure=\u00bb1_2,1_2&#8243; _builder_version=\u00bb4.16&#8243; custom_margin=\u00bb56px|auto|17px|auto||\u00bb global_colors_info=\u00bb{}\u00bb][et_pb_column type=\u00bb1_2&#8243; _builder_version=\u00bb4.16&#8243; global_colors_info=\u00bb{}\u00bb][et_pb_image _builder_version=\u00bb4.16&#8243; global_colors_info=\u00bb{}\u00bb][\/et_pb_image][et_pb_image src=\u00bbhttps:\/\/regalosecologicosperu.com\/wp-content\/uploads\/2021\/02\/regalos-ecologicos-peru-corporativos-vivos-plantas-lima-2-min.png\u00bb title_text=\u00bbregalos ecologicos peru corporativos vivos plantas lima 2-min\u00bb align=\u00bbcenter\u00bb _builder_version=\u00bb4.16&#8243; _module_preset=\u00bbdefault\u00bb custom_margin=\u00bb-30px|||||\u00bb global_colors_info=\u00bb{}\u00bb][\/et_pb_image][\/et_pb_column][et_pb_column type=\u00bb1_2&#8243; _builder_version=\u00bb4.16&#8243; global_colors_info=\u00bb{}\u00bb][et_pb_text _builder_version=\u00bb4.16&#8243; custom_padding=\u00bb8px|||||\u00bb inline_fonts=\u00bbVerdana,Georgia,Poppins\u00bb global_colors_info=\u00bb{}\u00bb]<\/p>\n<h3><span style=\"font-family: Poppins; font-weight: normal;\">Quienes Somos?<\/span><\/h3>\n<p><span style=\"font-family: Verdana; font-weight: normal; font-size: small;\">Regalos Ecologicos Peru una empresa innovadora en Lima, que une conceptos ecol\u00f3gicos y publicidad corporativa. <\/span><\/p>\n<p><span style=\"font-family: Verdana; font-weight: normal; font-size: small;\">Contamos con una gran de productos y packs novedosos, nacionales e importados que dar\u00e1n a su empresa un Sello de distinci\u00f3n sobre el resto, demostrando el inter\u00e9s por dejar una huella diferente en el mercado.<\/span><\/p>\n<p><span style=\"font-family: Verdana; font-weight: normal; font-size: small;\"><em><\/em><\/span><\/p>\n<p><span style=\"font-family: Verdana; font-weight: normal; font-size: small;\">Estamos comprometidos con la ecolog\u00eda y el cuidado al medio ambiente. Nuestra misi\u00f3n es ofrecerte opciones Eco-Amigables para disminuir la huella de Carbono.<\/span><\/p>\n<p>[\/et_pb_text][\/et_pb_column][\/et_pb_row][et_pb_row _builder_version=\u00bb4.16&#8243; custom_padding=\u00bb57px|||||\u00bb global_colors_info=\u00bb{}\u00bb][et_pb_column type=\u00bb4_4&#8243; _builder_version=\u00bb4.16&#8243; global_colors_info=\u00bb{}\u00bb][et_pb_text _builder_version=\u00bb4.16&#8243; inline_fonts=\u00bbTrebuchet,Verdana,Poppins\u00bb global_colors_info=\u00bb{}\u00bb]<\/p>\n<h1 style=\"text-align: left;\"><span style=\"font-family: Poppins;\"><span face=\"Poppins\" style=\"font-family: Poppins;\">Regalos Ecol\u00f3gicos\u00a0Corporativos<\/span><\/span><\/h1>\n<p>[\/et_pb_text][et_pb_shop type=\u00bbproduct_category\u00bb posts_number=\u00bb6&#8243; include_categories=\u00bb22&#8243; columns_number=\u00bb3&#8243; orderby=\u00bbdate\u00bb _builder_version=\u00bb4.22.1&#8243; hover_enabled=\u00bb0&#8243; global_colors_info=\u00bb{}\u00bb sticky_enabled=\u00bb0&#8243;][\/et_pb_shop][\/et_pb_column][\/et_pb_row][et_pb_row _builder_version=\u00bb4.16&#8243; custom_margin=\u00bb|auto|7px|auto||\u00bb global_colors_info=\u00bb{}\u00bb][et_pb_column type=\u00bb4_4&#8243; _builder_version=\u00bb4.16&#8243; global_colors_info=\u00bb{}\u00bb][et_pb_text _builder_version=\u00bb4.16&#8243; inline_fonts=\u00bbTrebuchet,Verdana,Poppins\u00bb global_colors_info=\u00bb{}\u00bb]<\/p>\n<h1 style=\"text-align: left;\"><span style=\"font-family: Poppins;\"><span face=\"Poppins\" style=\"font-family: Poppins;\">Regalos Vivos<\/span><\/span><\/h1>\n<p>[\/et_pb_text][et_pb_shop type=\u00bbproduct_category\u00bb posts_number=\u00bb3&#8243; include_categories=\u00bb245&#8243; columns_number=\u00bb3&#8243; _builder_version=\u00bb4.16&#8243; custom_margin=\u00bb||-23px|||\u00bb global_colors_info=\u00bb{}\u00bb][\/et_pb_shop][\/et_pb_column][\/et_pb_row][et_pb_row _builder_version=\u00bb4.16&#8243; custom_padding=\u00bb56px|||||\u00bb global_colors_info=\u00bb{}\u00bb][et_pb_column type=\u00bb4_4&#8243; _builder_version=\u00bb4.16&#8243; global_colors_info=\u00bb{}\u00bb][et_pb_text _builder_version=\u00bb4.16&#8243; inline_fonts=\u00bbTrebuchet,Verdana,Poppins\u00bb global_colors_info=\u00bb{}\u00bb]<\/p>\n<h1 style=\"text-align: left;\"><span face=\"Poppins\" style=\"font-family: Poppins;\">Los clientes que confian en nuestro trabajo<\/span><\/h1>\n<p>[\/et_pb_text][et_pb_gallery gallery_ids=\u00bb443,444,1029,1030,1037,448,445,446,447,449,1022,450,452,453,454,455,456,457,458,451,1026,1033&#8243; posts_number=\u00bb12&#8243; show_title_and_caption=\u00bboff\u00bb show_pagination=\u00bboff\u00bb _builder_version=\u00bb4.9.0&#8243; custom_margin=\u00bb||53px|||\u00bb filter_saturate=\u00bb0%\u00bb global_module=\u00bb461&#8243; global_colors_info=\u00bb{}\u00bb][\/et_pb_gallery][\/et_pb_column][\/et_pb_row][et_pb_row _builder_version=\u00bb4.16&#8243; custom_margin=\u00bb-25px|auto||auto||\u00bb custom_padding=\u00bb27px|||||\u00bb global_colors_info=\u00bb{}\u00bb][et_pb_column type=\u00bb4_4&#8243; _builder_version=\u00bb4.16&#8243; global_colors_info=\u00bb{}\u00bb][et_pb_image src=\u00bbhttps:\/\/regalosecologicosperu.com\/wp-content\/uploads\/2021\/02\/regalos-ecologicos-peru-corporativos-empresariales-lima-peru-n.png\u00bb title_text=\u00bbregalos ecologicos peru corporativos empresariales lima peru n\u00bb align=\u00bbcenter\u00bb _builder_version=\u00bb4.16&#8243; custom_margin=\u00bb||21px|||\u00bb custom_padding=\u00bb34px|||||\u00bb global_colors_info=\u00bb{}\u00bb][\/et_pb_image][et_pb_text _builder_version=\u00bb4.16&#8243; _module_preset=\u00bbdefault\u00bb global_colors_info=\u00bb{}\u00bb]<\/p>\n<p style=\"text-align: center;\"><span>Nos avala una amplia experiencia y \u00e9xito en el desarrollo de productos 100% personalizados para regalos ecol\u00f3gicos<\/span><br \/> <span>de empresa, campa\u00f1as promocionales y Green Marketing.\u00a0Si tu empresa desea nuestros regalos o alg\u00fan regalo especial,\u00a0no dudes\u00a0en contactar\u00a0con\u00a0nosotros. \u00a1Estaremos encantad@s de atenderte!<\/span><\/p>\n<p>[\/et_pb_text][et_pb_contact_form captcha=\u00bboff\u00bb email=\u00bbpedidos@regalosecologicosperu.com\u00bb _builder_version=\u00bb4.15.1&#8243; _unique_id=\u00bbaa3fb33d-e8ac-48d1-88f2-f041a5575236&#8243; form_field_background_color=\u00bbrgba(0,0,0,0.17)\u00bb background_color=\u00bbrgba(0,0,0,0.06)\u00bb custom_button=\u00bbon\u00bb button_text_color=\u00bb#FFFFFF\u00bb button_bg_color=\u00bb#000000&#8243; custom_margin=\u00bb49px|||||\u00bb global_module=\u00bb865&#8243; saved_tabs=\u00bball\u00bb global_colors_info=\u00bb{}\u00bb][et_pb_contact_field field_id=\u00bbName\u00bb field_title=\u00bbNombre del Contacto\u00bb _builder_version=\u00bb4.16&#8243; global_colors_info=\u00bb{}\u00bb button_text_size__hover_enabled=\u00bboff\u00bb button_one_text_size__hover_enabled=\u00bboff\u00bb button_two_text_size__hover_enabled=\u00bboff\u00bb button_text_color__hover_enabled=\u00bboff\u00bb button_one_text_color__hover_enabled=\u00bboff\u00bb button_two_text_color__hover_enabled=\u00bboff\u00bb button_border_width__hover_enabled=\u00bboff\u00bb button_one_border_width__hover_enabled=\u00bboff\u00bb button_two_border_width__hover_enabled=\u00bboff\u00bb button_border_color__hover_enabled=\u00bboff\u00bb button_one_border_color__hover_enabled=\u00bboff\u00bb button_two_border_color__hover_enabled=\u00bboff\u00bb button_border_radius__hover_enabled=\u00bboff\u00bb button_one_border_radius__hover_enabled=\u00bboff\u00bb button_two_border_radius__hover_enabled=\u00bboff\u00bb button_letter_spacing__hover_enabled=\u00bboff\u00bb button_one_letter_spacing__hover_enabled=\u00bboff\u00bb button_two_letter_spacing__hover_enabled=\u00bboff\u00bb button_bg_color__hover_enabled=\u00bboff\u00bb button_one_bg_color__hover_enabled=\u00bboff\u00bb button_two_bg_color__hover_enabled=\u00bboff\u00bb][\/et_pb_contact_field][et_pb_contact_field field_id=\u00bbTelefono_o_Celular\u00bb field_title=\u00bbCelular\u00bb min_length=\u00bb9&#8243; max_length=\u00bb9&#8243; allowed_symbols=\u00bbnumbers\u00bb _builder_version=\u00bb4.16&#8243; global_colors_info=\u00bb{}\u00bb button_text_size__hover_enabled=\u00bboff\u00bb button_one_text_size__hover_enabled=\u00bboff\u00bb button_two_text_size__hover_enabled=\u00bboff\u00bb button_text_color__hover_enabled=\u00bboff\u00bb button_one_text_color__hover_enabled=\u00bboff\u00bb button_two_text_color__hover_enabled=\u00bboff\u00bb button_border_width__hover_enabled=\u00bboff\u00bb button_one_border_width__hover_enabled=\u00bboff\u00bb button_two_border_width__hover_enabled=\u00bboff\u00bb button_border_color__hover_enabled=\u00bboff\u00bb button_one_border_color__hover_enabled=\u00bboff\u00bb button_two_border_color__hover_enabled=\u00bboff\u00bb button_border_radius__hover_enabled=\u00bboff\u00bb button_one_border_radius__hover_enabled=\u00bboff\u00bb button_two_border_radius__hover_enabled=\u00bboff\u00bb button_letter_spacing__hover_enabled=\u00bboff\u00bb button_one_letter_spacing__hover_enabled=\u00bboff\u00bb button_two_letter_spacing__hover_enabled=\u00bboff\u00bb button_bg_color__hover_enabled=\u00bboff\u00bb button_one_bg_color__hover_enabled=\u00bboff\u00bb button_two_bg_color__hover_enabled=\u00bboff\u00bb][\/et_pb_contact_field][et_pb_contact_field field_id=\u00bbEmpresa\u00bb field_title=\u00bbNombre de la Empresa\u00bb _builder_version=\u00bb4.16&#8243; global_colors_info=\u00bb{}\u00bb button_text_size__hover_enabled=\u00bboff\u00bb button_one_text_size__hover_enabled=\u00bboff\u00bb button_two_text_size__hover_enabled=\u00bboff\u00bb button_text_color__hover_enabled=\u00bboff\u00bb button_one_text_color__hover_enabled=\u00bboff\u00bb button_two_text_color__hover_enabled=\u00bboff\u00bb button_border_width__hover_enabled=\u00bboff\u00bb button_one_border_width__hover_enabled=\u00bboff\u00bb button_two_border_width__hover_enabled=\u00bboff\u00bb button_border_color__hover_enabled=\u00bboff\u00bb button_one_border_color__hover_enabled=\u00bboff\u00bb button_two_border_color__hover_enabled=\u00bboff\u00bb button_border_radius__hover_enabled=\u00bboff\u00bb button_one_border_radius__hover_enabled=\u00bboff\u00bb button_two_border_radius__hover_enabled=\u00bboff\u00bb button_letter_spacing__hover_enabled=\u00bboff\u00bb button_one_letter_spacing__hover_enabled=\u00bboff\u00bb button_two_letter_spacing__hover_enabled=\u00bboff\u00bb button_bg_color__hover_enabled=\u00bboff\u00bb button_one_bg_color__hover_enabled=\u00bboff\u00bb button_two_bg_color__hover_enabled=\u00bboff\u00bb][\/et_pb_contact_field][et_pb_contact_field field_id=\u00bbRuc\u00bb field_title=\u00bbRuc\u00bb min_length=\u00bb11&#8243; max_length=\u00bb11&#8243; allowed_symbols=\u00bbnumbers\u00bb _builder_version=\u00bb4.16&#8243; global_colors_info=\u00bb{}\u00bb button_text_size__hover_enabled=\u00bboff\u00bb button_one_text_size__hover_enabled=\u00bboff\u00bb button_two_text_size__hover_enabled=\u00bboff\u00bb button_text_color__hover_enabled=\u00bboff\u00bb button_one_text_color__hover_enabled=\u00bboff\u00bb button_two_text_color__hover_enabled=\u00bboff\u00bb button_border_width__hover_enabled=\u00bboff\u00bb button_one_border_width__hover_enabled=\u00bboff\u00bb button_two_border_width__hover_enabled=\u00bboff\u00bb button_border_color__hover_enabled=\u00bboff\u00bb button_one_border_color__hover_enabled=\u00bboff\u00bb button_two_border_color__hover_enabled=\u00bboff\u00bb button_border_radius__hover_enabled=\u00bboff\u00bb button_one_border_radius__hover_enabled=\u00bboff\u00bb button_two_border_radius__hover_enabled=\u00bboff\u00bb button_letter_spacing__hover_enabled=\u00bboff\u00bb button_one_letter_spacing__hover_enabled=\u00bboff\u00bb button_two_letter_spacing__hover_enabled=\u00bboff\u00bb button_bg_color__hover_enabled=\u00bboff\u00bb button_one_bg_color__hover_enabled=\u00bboff\u00bb button_two_bg_color__hover_enabled=\u00bboff\u00bb][\/et_pb_contact_field][et_pb_contact_field field_id=\u00bbEmail\u00bb field_title=\u00bbCorreo Electr\u00f3nico\u00bb field_type=\u00bbemail\u00bb _builder_version=\u00bb4.16&#8243; global_colors_info=\u00bb{}\u00bb button_text_size__hover_enabled=\u00bboff\u00bb button_one_text_size__hover_enabled=\u00bboff\u00bb button_two_text_size__hover_enabled=\u00bboff\u00bb button_text_color__hover_enabled=\u00bboff\u00bb button_one_text_color__hover_enabled=\u00bboff\u00bb button_two_text_color__hover_enabled=\u00bboff\u00bb button_border_width__hover_enabled=\u00bboff\u00bb button_one_border_width__hover_enabled=\u00bboff\u00bb button_two_border_width__hover_enabled=\u00bboff\u00bb button_border_color__hover_enabled=\u00bboff\u00bb button_one_border_color__hover_enabled=\u00bboff\u00bb button_two_border_color__hover_enabled=\u00bboff\u00bb button_border_radius__hover_enabled=\u00bboff\u00bb button_one_border_radius__hover_enabled=\u00bboff\u00bb button_two_border_radius__hover_enabled=\u00bboff\u00bb button_letter_spacing__hover_enabled=\u00bboff\u00bb button_one_letter_spacing__hover_enabled=\u00bboff\u00bb button_two_letter_spacing__hover_enabled=\u00bboff\u00bb button_bg_color__hover_enabled=\u00bboff\u00bb button_one_bg_color__hover_enabled=\u00bboff\u00bb button_two_bg_color__hover_enabled=\u00bboff\u00bb][\/et_pb_contact_field][et_pb_contact_field field_id=\u00bbMessage\u00bb field_title=\u00bbMensaje\u00bb field_type=\u00bbtext\u00bb fullwidth_field=\u00bbon\u00bb _builder_version=\u00bb4.16&#8243; global_colors_info=\u00bb{}\u00bb button_text_size__hover_enabled=\u00bboff\u00bb button_one_text_size__hover_enabled=\u00bboff\u00bb button_two_text_size__hover_enabled=\u00bboff\u00bb button_text_color__hover_enabled=\u00bboff\u00bb button_one_text_color__hover_enabled=\u00bboff\u00bb button_two_text_color__hover_enabled=\u00bboff\u00bb button_border_width__hover_enabled=\u00bboff\u00bb button_one_border_width__hover_enabled=\u00bboff\u00bb button_two_border_width__hover_enabled=\u00bboff\u00bb button_border_color__hover_enabled=\u00bboff\u00bb button_one_border_color__hover_enabled=\u00bboff\u00bb button_two_border_color__hover_enabled=\u00bboff\u00bb button_border_radius__hover_enabled=\u00bboff\u00bb button_one_border_radius__hover_enabled=\u00bboff\u00bb button_two_border_radius__hover_enabled=\u00bboff\u00bb button_letter_spacing__hover_enabled=\u00bboff\u00bb button_one_letter_spacing__hover_enabled=\u00bboff\u00bb button_two_letter_spacing__hover_enabled=\u00bboff\u00bb button_bg_color__hover_enabled=\u00bboff\u00bb button_one_bg_color__hover_enabled=\u00bboff\u00bb button_two_bg_color__hover_enabled=\u00bboff\u00bb][\/et_pb_contact_field][\/et_pb_contact_form][\/et_pb_column][\/et_pb_row][\/et_pb_section]<\/p>\n","protected":false},"excerpt":{"rendered":"<p>\u00a0Somos una empresa formal con m\u00e1s de 10 a\u00f1os de experiencia trabajando con muchas empresas de Per\u00faUsamos insumos ecol\u00f3gicos certificados, fabricados con los mas altos estandares de calidadNuestros productos son \u00fanicos, reciclables, biodegradables y de bajo impacto en el planeta.Son hechos a mano, cuidando cada detalle, porque sabemos que cada colaborador es especial e \u00fanicoQuienes [&hellip;]<\/p>\n","protected":false},"author":1,"featured_media":0,"parent":0,"menu_order":0,"comment_status":"closed","ping_status":"closed","template":"","meta":{"_et_pb_use_builder":"on","_et_pb_old_content":"<!-- wp:divi\/placeholder \/-->","_et_gb_content_width":"","_joinchat":[],"footnotes":""},"class_list":["post-11","page","type-page","status-publish","hentry"],"jetpack_sharing_enabled":true,"_links":{"self":[{"href":"https:\/\/regalosecologicosperu.com\/index.php\/wp-json\/wp\/v2\/pages\/11","targetHints":{"allow":["GET"]}}],"collection":[{"href":"https:\/\/regalosecologicosperu.com\/index.php\/wp-json\/wp\/v2\/pages"}],"about":[{"href":"https:\/\/regalosecologicosperu.com\/index.php\/wp-json\/wp\/v2\/types\/page"}],"author":[{"embeddable":true,"href":"https:\/\/regalosecologicosperu.com\/index.php\/wp-json\/wp\/v2\/users\/1"}],"replies":[{"embeddable":true,"href":"https:\/\/regalosecologicosperu.com\/index.php\/wp-json\/wp\/v2\/comments?post=11"}],"version-history":[{"count":0,"href":"https:\/\/regalosecologicosperu.com\/index.php\/wp-json\/wp\/v2\/pages\/11\/revisions"}],"wp:attachment":[{"href":"https:\/\/regalosecologicosperu.com\/index.php\/wp-json\/wp\/v2\/media?parent=11"}],"curies":[{"name":"wp","href":"https:\/\/api.w.org\/{rel}","templated":true}]}}