{"id":59,"date":"2019-11-03T19:27:21","date_gmt":"2019-11-04T00:27:21","guid":{"rendered":"https:\/\/regalosecologicosperu.com\/?page_id=59"},"modified":"2021-02-11T19:58:41","modified_gmt":"2021-02-12T00:58:41","slug":"nosotros","status":"publish","type":"page","link":"https:\/\/regalosecologicosperu.com\/index.php\/nosotros\/","title":{"rendered":"Nosotros"},"content":{"rendered":"<p>[et_pb_section fb_built=\u00bb1&#8243; _builder_version=\u00bb3.22&#8243; use_background_color_gradient=\u00bbon\u00bb background_color_gradient_start=\u00bbrgba(29,38,0,0.85)\u00bb background_color_gradient_end=\u00bbrgba(29,38,0,0)\u00bb background_color_gradient_direction=\u00bb45deg\u00bb background_color_gradient_overlays_image=\u00bbon\u00bb background_image=\u00bbhttps:\/\/regalosecologicosperu.com\/wp-content\/uploads\/2019\/11\/gardener-16.jpg\u00bb custom_padding=\u00bb6vw|0px|6vw|0px|true|false\u00bb][et_pb_row _builder_version=\u00bb3.25&#8243;][et_pb_column type=\u00bb4_4&#8243; _builder_version=\u00bb3.25&#8243; custom_padding=\u00bb|||\u00bb custom_padding__hover=\u00bb|||\u00bb][et_pb_text _builder_version=\u00bb3.27.4&#8243; text_font=\u00bb||||||||\u00bb text_font_size=\u00bb18px\u00bb text_line_height=\u00bb2em\u00bb ul_font=\u00bb||||||||\u00bb ol_font=\u00bb||||||||\u00bb header_font=\u00bbCormorant Garamond|700|||||||\u00bb header_font_size=\u00bb60px\u00bb header_line_height=\u00bb1.2em\u00bb header_2_font=\u00bb||||||||\u00bb header_3_font=\u00bb||||||||\u00bb header_4_font=\u00bb||||||||\u00bb header_5_font=\u00bb||||||||\u00bb header_6_font=\u00bb||||||||\u00bb text_orientation=\u00bbcenter\u00bb background_layout=\u00bbdark\u00bb max_width=\u00bb600px\u00bb module_alignment=\u00bbcenter\u00bb custom_margin=\u00bb|||\u00bb text_font_size_tablet=\u00bb\u00bb text_font_size_phone=\u00bb16px\u00bb text_font_size_last_edited=\u00bbon|phone\u00bb header_font_size_tablet=\u00bb50px\u00bb header_font_size_phone=\u00bb40px\u00bb header_font_size_last_edited=\u00bbon|phone\u00bb locked=\u00bboff\u00bb]<\/p>\n<h1>Regalos Ecol\u00f3gicos Per\u00fa<\/h1>\n<p>Somos una empresa que se dedica al dise\u00f1o y creaci\u00f3n constante de Regalos Ecol\u00f3gicos en Lima, Per\u00fa. Con m\u00e1s de 8 a\u00f1os en el mercado, contamos con amplia experiencia en la fabricaci\u00f3n de Regalos Corporativos Ecol\u00f3gicos, en los que usamos materiales Org\u00e1nicos, Plantas Ornamentales, Alimentos Org\u00e1nicos, Madera, Tierra y Productos Renovables, Compostables y Reciclados.<\/p>\n<p>[\/et_pb_text][\/et_pb_column][\/et_pb_row][\/et_pb_section][et_pb_section fb_built=\u00bb1&#8243; admin_label=\u00bbour Work\u00bb _builder_version=\u00bb3.22&#8243;][et_pb_row column_structure=\u00bb1_2,1_2&#8243; use_custom_gutter=\u00bbon\u00bb gutter_width=\u00bb1&#8243; make_equal=\u00bbon\u00bb padding_left_right_link_2=\u00bbtrue\u00bb module_class=\u00bb et_pb_row_fullwidth\u00bb _builder_version=\u00bb3.25&#8243; width=\u00bb100%\u00bb width_tablet=\u00bb100%\u00bb width_phone=\u00bb\u00bb width_last_edited=\u00bbon|desktop\u00bb max_width=\u00bb100%\u00bb max_width_tablet=\u00bb100%\u00bb max_width_phone=\u00bb\u00bb max_width_last_edited=\u00bbon|desktop\u00bb custom_margin=\u00bb|auto|-59px|auto||\u00bb custom_padding=\u00bb0|0px|0|0px|false|false\u00bb make_fullwidth=\u00bbon\u00bb locked=\u00bboff\u00bb][et_pb_column type=\u00bb1_2&#8243; _builder_version=\u00bb3.25&#8243; custom_padding=\u00bb|||\u00bb custom_padding__hover=\u00bb|||\u00bb][et_pb_image src=\u00bbhttps:\/\/regalosecologicosperu.com\/wp-content\/uploads\/2021\/02\/regalos-ecologicos-peru-corporativos-vivos-plantas-lima-2-min.png\u00bb _builder_version=\u00bb4.9.0&#8243; _module_preset=\u00bbdefault\u00bb title_text=\u00bbregalos ecologicos peru corporativos vivos plantas lima 2-min\u00bb hover_enabled=\u00bb0&#8243; sticky_enabled=\u00bb0&#8243; align=\u00bbcenter\u00bb][\/et_pb_image][\/et_pb_column][et_pb_column type=\u00bb1_2&#8243; _builder_version=\u00bb3.25&#8243; custom_padding=\u00bb60px|8%||8%\u00bb custom_padding_tablet=\u00bb|10%||10%||true\u00bb custom_padding_phone=\u00bb\u00bb custom_padding_last_edited=\u00bbon|tablet\u00bb padding_tablet=\u00bb|10%||10%||true\u00bb padding_last_edited=\u00bbon|tablet\u00bb custom_padding__hover=\u00bb|||\u00bb][et_pb_text _builder_version=\u00bb4.9.0&#8243; text_font=\u00bb||||||||\u00bb text_font_size=\u00bb16px\u00bb text_line_height=\u00bb2em\u00bb header_2_font=\u00bbCormorant Garamond|700|||||||\u00bb header_2_font_size=\u00bb52px\u00bb header_2_line_height=\u00bb1.2em\u00bb custom_margin=\u00bb-54px||40px|||\u00bb hover_enabled=\u00bb0&#8243; text_font_size_tablet=\u00bb\u00bb text_font_size_phone=\u00bb14px\u00bb text_font_size_last_edited=\u00bbon|phone\u00bb header_2_font_size_tablet=\u00bb42px\u00bb header_2_font_size_phone=\u00bb32px\u00bb header_2_font_size_last_edited=\u00bbon|desktop\u00bb locked=\u00bboff\u00bb sticky_enabled=\u00bb0&#8243;]<\/p>\n<h3>Calidad a un Precio Insuperable en Per\u00fa<\/h3>\n<p>&nbsp;<\/p>\n<p><span style=\"font-size: small;\">Nuestros\u00a0 Regalos Ecol\u00f3gicos son los mejores en relaci\u00f3n a calidad y precio. por que somos fabricantes, por eso tenemos precios razonables en comparaci\u00f3n del resto.<\/span><\/p>\n<p><span style=\"font-size: small;\">Hemos invertido en en tecnolog\u00eda y capacitaci\u00f3n para lograr esto, adem\u00e1s tenemos alianzas estrat\u00e9gicas con empresas y productores locales, con lo cual podemos ofrecer nuestros productos con una calidad insuperable.<\/span><\/p>\n<p>&nbsp;<\/p>\n<p>[\/et_pb_text][\/et_pb_column][\/et_pb_row][\/et_pb_section][et_pb_section fb_built=\u00bb1&#8243; admin_label=\u00bbFeature\u00bb _builder_version=\u00bb3.22&#8243; custom_padding=\u00bb1px|||||\u00bb][et_pb_row column_structure=\u00bb2_3,1_3&#8243; custom_padding_last_edited=\u00bbon|phone\u00bb _builder_version=\u00bb3.25&#8243; background_image=\u00bbhttps:\/\/regalosecologicosperu.com\/wp-content\/uploads\/2019\/11\/gardener-19.jpg\u00bb background_size=\u00bbinitial\u00bb background_position=\u00bbtop_right\u00bb custom_margin=\u00bb||50px|\u00bb custom_margin_tablet=\u00bb||0px|\u00bb custom_margin_phone=\u00bb\u00bb custom_margin_last_edited=\u00bbon|tablet\u00bb custom_padding=\u00bb10vw|0px|0|0px|false|false\u00bb custom_padding_tablet=\u00bb\u00bb custom_padding_phone=\u00bb200px|||\u00bb locked=\u00bboff\u00bb][et_pb_column type=\u00bb2_3&#8243; _builder_version=\u00bb3.25&#8243; custom_padding=\u00bb|||\u00bb custom_padding__hover=\u00bb|||\u00bb][et_pb_text _builder_version=\u00bb3.27.4&#8243; text_font=\u00bb||||||||\u00bb text_line_height=\u00bb2em\u00bb header_font=\u00bb||||||||\u00bb header_4_font=\u00bbCormorant Garamond|600|||||||\u00bb header_4_font_size=\u00bb30px\u00bb header_4_line_height=\u00bb1.2em\u00bb background_color=\u00bb#ffffff\u00bb max_width_tablet=\u00bb90%\u00bb max_width_phone=\u00bb100%\u00bb max_width_last_edited=\u00bboff|desktop\u00bb module_alignment=\u00bbright\u00bb custom_margin=\u00bb|||\u00bb custom_padding=\u00bb45px|45px|45px|45px|true|true\u00bb animation_style=\u00bbslide\u00bb animation_direction=\u00bbleft\u00bb animation_intensity_slide=\u00bb4%\u00bb animation_starting_opacity=\u00bb100%\u00bb header_4_font_size_tablet=\u00bb\u00bb header_4_font_size_phone=\u00bb30px\u00bb header_4_font_size_last_edited=\u00bbon|phone\u00bb locked=\u00bboff\u00bb]<\/p>\n<h4>\u201cNunca es tarde para convertir tu empresa en Eco-Amigable\u00bb<\/h4>\n<p><span style=\"font-size: small;\"><span size=\"2\" style=\"font-size: small;\">Regalos <\/span>Ecol\u00f3gicos<span size=\"2\" style=\"font-size: small;\">\u00a0<\/span>Per\u00fa<span size=\"2\" style=\"font-size: small;\">\u00a0tiene la misi\u00f3n de ayudarte a regalar a tus colaboradores y clientes regalos <\/span>ecol\u00f3gicos<span size=\"2\" style=\"font-size: small;\">\u00a0llenos de vida y esperanza. Hechos con materiales renovables y cargados de un fuerte mensaje de sostenibilidad y respeto por el planeta. Tus hijos te lo agradecer\u00e1n\u00a0&#8230;\u00a0<\/span><\/span><\/p>\n<p>[\/et_pb_text][\/et_pb_column][et_pb_column type=\u00bb1_3&#8243; _builder_version=\u00bb3.25&#8243; custom_padding=\u00bb|||\u00bb custom_padding__hover=\u00bb|||\u00bb][\/et_pb_column][\/et_pb_row][\/et_pb_section][et_pb_section fb_built=\u00bb1&#8243; specialty=\u00bbon\u00bb custom_padding_last_edited=\u00bbon|phone\u00bb padding_1_tablet=\u00bb|10%||10%||true\u00bb admin_label=\u00bbFooter\u00bb _builder_version=\u00bb3.22&#8243; use_background_color_gradient=\u00bbon\u00bb background_color_gradient_start=\u00bbrgba(29,38,0,0.85)\u00bb background_color_gradient_end=\u00bbrgba(29,38,0,0.6)\u00bb background_color_gradient_direction=\u00bb45deg\u00bb background_color_gradient_overlays_image=\u00bbon\u00bb background_image=\u00bbhttps:\/\/regalosecologicosperu.com\/wp-content\/uploads\/2019\/11\/gardener-05.jpg\u00bb custom_padding=\u00bb48px|0px|48px|0px|true|false\u00bb custom_padding_tablet=\u00bb\u00bb custom_padding_phone=\u00bb80px||80px||true\u00bb saved_tabs=\u00bball\u00bb][et_pb_column type=\u00bb1_2&#8243; specialty_columns=\u00bb2&#8243; _builder_version=\u00bb3.25&#8243; custom_padding=\u00bb|||\u00bb padding_tablet=\u00bb|10%||10%||true\u00bb custom_padding__hover=\u00bb|||\u00bb][et_pb_row_inner padding_top_bottom_link_2=\u00bbtrue\u00bb padding_left_right_link_2=\u00bbtrue\u00bb _builder_version=\u00bb3.25&#8243; background_color=\u00bb#ffffff\u00bb custom_padding=\u00bb|30px||30px|false|true\u00bb][et_pb_column_inner saved_specialty_column_type=\u00bb1_2&#8243; _builder_version=\u00bb3.25&#8243; custom_padding=\u00bb|||\u00bb custom_padding__hover=\u00bb|||\u00bb][et_pb_text _builder_version=\u00bb4.0.5&#8243; text_font=\u00bb||||||||\u00bb header_font=\u00bb||||||||\u00bb header_4_font=\u00bb|700||on|||||\u00bb header_4_text_color=\u00bbrgba(0,0,0,0.5)\u00bb header_4_font_size=\u00bb14px\u00bb header_4_letter_spacing=\u00bb1px\u00bb header_4_line_height=\u00bb1.5em\u00bb]<\/p>\n<h4>Comunicate con Nosotros<\/h4>\n<h4><\/h4>\n<p>[\/et_pb_text][et_pb_blurb title=\u00bb999 983 830&#8243; use_icon=\u00bbon\u00bb font_icon=\u00bb%%264%%\u00bb icon_color=\u00bb#293600&#8243; icon_placement=\u00bbleft\u00bb use_icon_font_size=\u00bbon\u00bb icon_font_size=\u00bb20px\u00bb _builder_version=\u00bb4.0.5&#8243; header_font=\u00bb|700||on|||||\u00bb header_text_color=\u00bb#1d2600&#8243; header_font_size=\u00bb11px\u00bb header_letter_spacing=\u00bb2px\u00bb header_line_height=\u00bb1.8em\u00bb background_layout=\u00bbdark\u00bb custom_margin=\u00bb20px|||\u00bb animation=\u00bboff\u00bb][\/et_pb_blurb][et_pb_blurb title=\u00bbpedidos@regalosecologicosperu.com\u00bb use_icon=\u00bbon\u00bb font_icon=\u00bb%%238%%\u00bb icon_color=\u00bb#293600&#8243; icon_placement=\u00bbleft\u00bb use_icon_font_size=\u00bbon\u00bb icon_font_size=\u00bb20px\u00bb _builder_version=\u00bb4.0.5&#8243; header_font=\u00bb|700||on|||||\u00bb header_text_color=\u00bb#1d2600&#8243; header_font_size=\u00bb11px\u00bb header_letter_spacing=\u00bb2px\u00bb header_line_height=\u00bb1.8em\u00bb background_layout=\u00bbdark\u00bb custom_margin=\u00bb20px|||\u00bb animation=\u00bboff\u00bb][\/et_pb_blurb][et_pb_blurb title=\u00bbLima, Peru\u00bb use_icon=\u00bbon\u00bb font_icon=\u00bb%%249%%\u00bb icon_color=\u00bb#293600&#8243; icon_placement=\u00bbleft\u00bb use_icon_font_size=\u00bbon\u00bb icon_font_size=\u00bb20px\u00bb _builder_version=\u00bb4.0.5&#8243; header_font=\u00bb|700||on|||||\u00bb header_text_color=\u00bb#1d2600&#8243; header_font_size=\u00bb11px\u00bb header_letter_spacing=\u00bb2px\u00bb header_line_height=\u00bb1.8em\u00bb background_layout=\u00bbdark\u00bb custom_margin=\u00bb20px|||\u00bb animation=\u00bboff\u00bb][\/et_pb_blurb][\/et_pb_column_inner][\/et_pb_row_inner][et_pb_row_inner _builder_version=\u00bb3.25&#8243; custom_padding=\u00bb0||||false|false\u00bb][et_pb_column_inner saved_specialty_column_type=\u00bb1_2&#8243; _builder_version=\u00bb3.25&#8243; custom_padding=\u00bb|||\u00bb custom_padding__hover=\u00bb|||\u00bb][\/et_pb_column_inner][\/et_pb_row_inner][\/et_pb_column][et_pb_column type=\u00bb1_2&#8243; _builder_version=\u00bb3.25&#8243; custom_padding=\u00bb|||\u00bb custom_padding__hover=\u00bb|||\u00bb][et_pb_text _builder_version=\u00bb4.0.5&#8243; text_font=\u00bb||||||||\u00bb text_font_size=\u00bb16px\u00bb text_line_height=\u00bb2em\u00bb header_2_font=\u00bbCormorant Garamond|700|||||||\u00bb header_2_font_size=\u00bb52px\u00bb header_2_line_height=\u00bb1.2em\u00bb background_layout=\u00bbdark\u00bb custom_margin=\u00bb-37px||||false|false\u00bb custom_padding=\u00bb0px|||||\u00bb header_2_font_size_tablet=\u00bb42px\u00bb header_2_font_size_phone=\u00bb32px\u00bb header_2_font_size_last_edited=\u00bbon|desktop\u00bb locked=\u00bboff\u00bb]<\/p>\n<h2>Regala Vida y Esperanza<\/h2>\n<h2><span style=\"font-size: 16px; font-family: 'Open Sans', Arial, sans-serif; font-weight: 500;\">Nosotros podemos crear opciones sostenibles para tu empresa, cientos de trabajos lo respaldan.<\/span><\/h2>\n<p>[\/et_pb_text][\/et_pb_column][\/et_pb_section]<\/p>\n","protected":false},"excerpt":{"rendered":"<p>Regalos Ecol\u00f3gicos Per\u00fa Somos una empresa que se dedica al dise\u00f1o y creaci\u00f3n constante de Regalos Ecol\u00f3gicos en Lima, Per\u00fa. Con m\u00e1s de 8 a\u00f1os en el mercado, contamos con amplia experiencia en la fabricaci\u00f3n de Regalos Corporativos Ecol\u00f3gicos, en los que usamos materiales Org\u00e1nicos, Plantas Ornamentales, Alimentos Org\u00e1nicos, Madera, Tierra y Productos Renovables, Compostables [&hellip;]<\/p>\n","protected":false},"author":1,"featured_media":0,"parent":0,"menu_order":0,"comment_status":"closed","ping_status":"closed","template":"","meta":{"_et_pb_use_builder":"on","_et_pb_old_content":"<!-- wp:divi\/placeholder \/-->","_et_gb_content_width":"","_joinchat":[],"footnotes":""},"class_list":["post-59","page","type-page","status-publish","hentry"],"jetpack_sharing_enabled":true,"_links":{"self":[{"href":"https:\/\/regalosecologicosperu.com\/index.php\/wp-json\/wp\/v2\/pages\/59","targetHints":{"allow":["GET"]}}],"collection":[{"href":"https:\/\/regalosecologicosperu.com\/index.php\/wp-json\/wp\/v2\/pages"}],"about":[{"href":"https:\/\/regalosecologicosperu.com\/index.php\/wp-json\/wp\/v2\/types\/page"}],"author":[{"embeddable":true,"href":"https:\/\/regalosecologicosperu.com\/index.php\/wp-json\/wp\/v2\/users\/1"}],"replies":[{"embeddable":true,"href":"https:\/\/regalosecologicosperu.com\/index.php\/wp-json\/wp\/v2\/comments?post=59"}],"version-history":[{"count":0,"href":"https:\/\/regalosecologicosperu.com\/index.php\/wp-json\/wp\/v2\/pages\/59\/revisions"}],"wp:attachment":[{"href":"https:\/\/regalosecologicosperu.com\/index.php\/wp-json\/wp\/v2\/media?parent=59"}],"curies":[{"name":"wp","href":"https:\/\/api.w.org\/{rel}","templated":true}]}}