{"id":657,"date":"2021-01-25T10:25:09","date_gmt":"2021-01-25T15:25:09","guid":{"rendered":"https:\/\/regalosecologicosperu.com\/?page_id=657"},"modified":"2021-02-12T19:12:18","modified_gmt":"2021-02-13T00:12:18","slug":"mini-huertos-urbano-mi-primer-huerto-regalos-corporativos-con-logo-empresas-recuerdos-lima-regalos-ecologicos-peru-barato","status":"publish","type":"page","link":"https:\/\/regalosecologicosperu.com\/index.php\/mini-huertos-urbano-mi-primer-huerto-regalos-corporativos-con-logo-empresas-recuerdos-lima-regalos-ecologicos-peru-barato\/","title":{"rendered":"Mini Huertos Urbano mi primer huerto Regalos Corporativos con Logo Empresas Recuerdos Lima Regalos Ecologicos Peru Barato"},"content":{"rendered":"<p>[et_pb_section fb_built=\u00bb1&#8243; _builder_version=\u00bb4.9.0&#8243; _module_preset=\u00bbdefault\u00bb][et_pb_row _builder_version=\u00bb4.9.0&#8243; _module_preset=\u00bbdefault\u00bb][et_pb_column type=\u00bb4_4&#8243; _builder_version=\u00bb4.9.0&#8243; _module_preset=\u00bbdefault\u00bb][et_pb_text _builder_version=\u00bb4.9.0&#8243; _module_preset=\u00bbdefault\u00bb custom_padding=\u00bb9px|||||\u00bb inline_fonts=\u00bbPoppins\u00bb]<\/p>\n<h2><span style=\"font-family: Poppins;\">Mini Huertos en Casa<\/span><\/h2>\n<p>Con un\u00a0Mini Huerto Urbano en estos momentos de pandemia, evitar\u00e1s el transporte y cuidar\u00e1s el entorno natural. Ense\u00f1ar\u00e1s cosas nuevas a tus hijos e hijas. Muchos ni\u00f1os y ni\u00f1as desconocen el aspecto que tienen determinadas frutas y verduras y nunca han visto c\u00f3mo crecen.<\/p>\n<p>[\/et_pb_text][et_pb_shop type=\u00bbproduct_category\u00bb include_categories=\u00bb287&#8243; _builder_version=\u00bb4.9.0&#8243; _module_preset=\u00bbdefault\u00bb custom_margin=\u00bb60px|||||\u00bb hover_enabled=\u00bb0&#8243; columns_number=\u00bb3&#8243; sticky_enabled=\u00bb0&#8243;][\/et_pb_shop][\/et_pb_column][\/et_pb_row][\/et_pb_section]<\/p>\n","protected":false},"excerpt":{"rendered":"<p>Mini Huertos en Casa Con un\u00a0Mini Huerto Urbano en estos momentos de pandemia, evitar\u00e1s el transporte y cuidar\u00e1s el entorno natural. Ense\u00f1ar\u00e1s cosas nuevas a tus hijos e hijas. Muchos ni\u00f1os y ni\u00f1as desconocen el aspecto que tienen determinadas frutas y verduras y nunca han visto c\u00f3mo crecen.<\/p>\n","protected":false},"author":1,"featured_media":0,"parent":0,"menu_order":0,"comment_status":"closed","ping_status":"closed","template":"","meta":{"_et_pb_use_builder":"on","_et_pb_old_content":"<!-- wp:divi\/placeholder \/-->","_et_gb_content_width":"","_joinchat":[],"footnotes":""},"class_list":["post-657","page","type-page","status-publish","hentry"],"jetpack_sharing_enabled":true,"_links":{"self":[{"href":"https:\/\/regalosecologicosperu.com\/index.php\/wp-json\/wp\/v2\/pages\/657","targetHints":{"allow":["GET"]}}],"collection":[{"href":"https:\/\/regalosecologicosperu.com\/index.php\/wp-json\/wp\/v2\/pages"}],"about":[{"href":"https:\/\/regalosecologicosperu.com\/index.php\/wp-json\/wp\/v2\/types\/page"}],"author":[{"embeddable":true,"href":"https:\/\/regalosecologicosperu.com\/index.php\/wp-json\/wp\/v2\/users\/1"}],"replies":[{"embeddable":true,"href":"https:\/\/regalosecologicosperu.com\/index.php\/wp-json\/wp\/v2\/comments?post=657"}],"version-history":[{"count":0,"href":"https:\/\/regalosecologicosperu.com\/index.php\/wp-json\/wp\/v2\/pages\/657\/revisions"}],"wp:attachment":[{"href":"https:\/\/regalosecologicosperu.com\/index.php\/wp-json\/wp\/v2\/media?parent=657"}],"curies":[{"name":"wp","href":"https:\/\/api.w.org\/{rel}","templated":true}]}}