{"id":163,"date":"2020-02-15T10:14:10","date_gmt":"2020-02-15T15:14:10","guid":{"rendered":"https:\/\/regalosecologicosperu.com\/?post_type=product&#038;p=163"},"modified":"2021-02-12T20:42:40","modified_gmt":"2021-02-13T01:42:40","slug":"kit-de-siembra-bolsa-de-yute-regalos-ecologicos-peru","status":"publish","type":"product","link":"https:\/\/regalosecologicosperu.com\/index.php\/producto\/kit-de-siembra-bolsa-de-yute-regalos-ecologicos-peru\/","title":{"rendered":"Kit de Siembra Corporativo Rustica"},"content":{"rendered":"<p>Los Kits de siembra son regalos ecol\u00f3gicos \u00fatiles, naturales y llenos de vida. \u00bfTe animas a sorprender regal\u00e1ndolas como detalle para tus invitados? Adem\u00e1s de dar un toque alegre y decorativo te recordar\u00e1n con cari\u00f1o al ver crecer la planta. \u00a1Porque hay fechas especiales que merecen ser recordadas!<\/p>\n<p>La presentaci\u00f3n, adem\u00e1s de elegante y natural, es ecol\u00f3gica: La planta se entrega en macetas biodegradables y vienen dentro de una hermosa caja de cart\u00f3n kraft reciclado con papel de seda.<\/p>\n<p>El respeto por el planeta, la calidad y el dise\u00f1o son la base de nuestros productos desde hace 3 a\u00f1os, por eso la planta y los componentes de su presentaci\u00f3n han sido cuidadosamente seleccionados. Con mimo y detalle lo preparamos todo en nuestro taller, \u00a0as\u00ed lo recibir\u00e1s listo para entregar y despertar sonrisas.<\/p>\n","protected":false},"excerpt":{"rendered":"<p>Contiene 1 kit de siembra compostable 100 % natural y biodegradable en una bolsa de Yute amarre con soga org\u00e1nica.<\/p>\n","protected":false},"featured_media":929,"template":"","meta":{"_et_pb_use_builder":"","_et_pb_old_content":"","_et_gb_content_width":"","_joinchat":[]},"product_brand":[],"product_cat":[22],"product_tag":[151,112,149,147,152,146,148,113,150,50,53,115,114,47,49,48,116,117,118,119,120,121,122,123,124,125,126,127,128,129,130,154,131,105,103,102,87,88,83,108,91,86,82,111,107,90,84,110,89,106,104,85,145,109,132,144,143,142,45,133,134,77,135,155,136,137,153,138,139,140,141],"class_list":{"0":"post-163","1":"product","2":"type-product","3":"status-publish","4":"has-post-thumbnail","6":"product_cat-kit-de-siembra-corporativo","7":"product_tag-arenat","8":"product_tag-barato","9":"product_tag-dayaperu","10":"product_tag-detalazo-peru","11":"product_tag-dulce-compania-peru","12":"product_tag-ecologics-peru","13":"product_tag-ecomillennials-peru","14":"product_tag-economico","15":"product_tag-hennacorp-peru","16":"product_tag-kit-de-siembra","17":"product_tag-kit-de-siembra-corporativo","18":"product_tag-kit-de-siembra-corporativo-peru","19":"product_tag-kit-de-siembra-lima","20":"product_tag-kit-de-siembra-peru","21":"product_tag-kits-de-siembra","22":"product_tag-kits-de-siembra-peru","23":"product_tag-kokedamas","24":"product_tag-kokedamas-peru","25":"product_tag-kokedamasperu","26":"product_tag-lima","27":"product_tag-macetas-biodegradables","28":"product_tag-macetas-de-arcilla","29":"product_tag-macetas-de-cemento","30":"product_tag-merchandising-ecologico","31":"product_tag-mini-huerto","32":"product_tag-mini-huerto-peru","33":"product_tag-mini-huerto-urbano-peru","34":"product_tag-peru","35":"product_tag-plantas-aromaticas","36":"product_tag-regalar-plantas","37":"product_tag-regalar-vida","38":"product_tag-regalos-con-proposito-peru","39":"product_tag-regalos-corporativos","40":"product_tag-regalos-corporativos-anti-stress-peru","41":"product_tag-regalos-corporativos-clientes-peru","42":"product_tag-regalos-corporativos-cumpleanos-peru","43":"product_tag-regalos-corporativos-dia-de-la-amistad-peru","44":"product_tag-regalos-corporativos-dia-de-la-cancion-criolla-peru","45":"product_tag-regalos-corporativos-dia-de-la-madre-peru","46":"product_tag-regalos-corporativos-dia-de-la-maestra-peru","47":"product_tag-regalos-corporativos-dia-de-la-mujer","48":"product_tag-regalos-corporativos-dia-de-la-secretaria-peru","49":"product_tag-regalos-corporativos-dia-de-san-valentin-peru","50":"product_tag-regalos-corporativos-dia-del-empleado-peru","51":"product_tag-regalos-corporativos-dia-del-maestro-peru","52":"product_tag-regalos-corporativos-dia-del-nino","53":"product_tag-regalos-corporativos-dia-del-padre-peru","54":"product_tag-regalos-corporativos-dia-del-trabajador-peru","55":"product_tag-regalos-corporativos-halloween-peru","56":"product_tag-regalos-corporativos-home-office-peru","57":"product_tag-regalos-corporativos-incentivos-peru","58":"product_tag-regalos-corporativos-navidad-peru","59":"product_tag-regalos-corporativos-peru","60":"product_tag-regalos-dia-la-maestra-peru","61":"product_tag-regalos-ecologicos","62":"product_tag-regalos-ecologicos-baratos-peru","63":"product_tag-regalos-ecologicos-corporativos-peru","64":"product_tag-regalos-ecologicos-lima","65":"product_tag-regalos-ecologicos-peru","66":"product_tag-regalos-empresariales","67":"product_tag-regalos-navidad","68":"product_tag-regalos-personalizados","69":"product_tag-regalos-premium","70":"product_tag-regalos-sostenibles-peru","71":"product_tag-regalos-vivos","72":"product_tag-regalos-vivos-peru","73":"product_tag-shiwi-peru","74":"product_tag-suculentas","75":"product_tag-suculentas-peru","76":"product_tag-suculentasperu","77":"product_tag-vivero-lima-peru","79":"first","80":"instock","81":"shipping-taxable","82":"product-type-simple"},"jetpack_sharing_enabled":true,"_links":{"self":[{"href":"https:\/\/regalosecologicosperu.com\/index.php\/wp-json\/wp\/v2\/product\/163","targetHints":{"allow":["GET"]}}],"collection":[{"href":"https:\/\/regalosecologicosperu.com\/index.php\/wp-json\/wp\/v2\/product"}],"about":[{"href":"https:\/\/regalosecologicosperu.com\/index.php\/wp-json\/wp\/v2\/types\/product"}],"wp:featuredmedia":[{"embeddable":true,"href":"https:\/\/regalosecologicosperu.com\/index.php\/wp-json\/wp\/v2\/media\/929"}],"wp:attachment":[{"href":"https:\/\/regalosecologicosperu.com\/index.php\/wp-json\/wp\/v2\/media?parent=163"}],"wp:term":[{"taxonomy":"product_brand","embeddable":true,"href":"https:\/\/regalosecologicosperu.com\/index.php\/wp-json\/wp\/v2\/product_brand?post=163"},{"taxonomy":"product_cat","embeddable":true,"href":"https:\/\/regalosecologicosperu.com\/index.php\/wp-json\/wp\/v2\/product_cat?post=163"},{"taxonomy":"product_tag","embeddable":true,"href":"https:\/\/regalosecologicosperu.com\/index.php\/wp-json\/wp\/v2\/product_tag?post=163"}],"curies":[{"name":"wp","href":"https:\/\/api.w.org\/{rel}","templated":true}]}}