{"id":200,"date":"2020-02-15T14:19:44","date_gmt":"2020-02-15T19:19:44","guid":{"rendered":"https:\/\/regalosecologicosperu.com\/?post_type=product&#038;p=200"},"modified":"2021-02-12T22:36:04","modified_gmt":"2021-02-13T03:36:04","slug":"bolsas-ecologicas-planas-de-notex","status":"publish","type":"product","link":"https:\/\/regalosecologicosperu.com\/index.php\/producto\/bolsas-ecologicas-planas-de-notex\/","title":{"rendered":"Bolsas Ecol\u00f3gicas Corporativas de Notex"},"content":{"rendered":"<p>En\u00a0<b>regalos ecol\u00f3gicos\u00a0Per\u00fa<\/b>\u00a0somos\u00a0<b>especialistas en bolsas ecol\u00f3gicas promocionales<\/b>, ofreci\u00e9ndote los mejores precios y m\u00e1s competitivos del mercado. Nuestra trayectoria y experiencia en el sector son la mejor garant\u00eda para que tu acci\u00f3n promocional sea todo un \u00e9xito.<\/p>\n<p>Las bolsas ecol\u00f3gicas de notex son un excelente regalos corporativo ya que est\u00e1n hechas de botellas de pl\u00e1stico recicladas, y pueden ser usadas 300 veces mas que una bolsa com\u00fan de pl\u00e1stico, son reutilizables y puedes reciclarse f\u00e1cilmente.<\/p>\n<p>El respeto por el planeta, la calidad y el dise\u00f1o son la base de nuestros productos desde hace 3 a\u00f1os, por eso la planta y los componentes de su presentaci\u00f3n han sido cuidadosamente seleccionados. Con mimo y detalle lo preparamos todo en nuestro taller, \u00a0as\u00ed lo recibir\u00e1s listo para entregar y despertar sonrisas.<\/p>\n","protected":false},"excerpt":{"rendered":"<ul>\n<li>Bolsa Ecol\u00f3gica de Notex ideal para eventos, ferias, congresos.<\/li>\n<li>Medida 40 cm de alto por 35 cm de ancho y Asa<\/li>\n<li>Ecol\u00f3gicas y reutilizables, ideales para empaques, en almacenes de ropa, calzado, bisuter\u00eda, entre otros<\/li>\n<li>Precio incluye impresi\u00f3n a un color<\/li>\n<\/ul>\n","protected":false},"featured_media":941,"template":"","meta":{"_et_pb_use_builder":"","_et_pb_old_content":"","_et_gb_content_width":"","_joinchat":[]},"product_brand":[],"product_cat":[29],"product_tag":[151,194,207,200,193,206,195,201,208,192,199,205,198,203,209,214,213,197,204,202,196,149,147,152,210,146,148,150,211,154,105,103,102,87,88,83,108,91,86,82,111,107,90,84,110,89,106,104,85,145,109,132,144,143,142,45,155,153,212],"class_list":{"0":"post-200","1":"product","2":"type-product","3":"status-publish","4":"has-post-thumbnail","6":"product_cat-bolsas-ecologicas-notex","7":"product_tag-arenat","8":"product_tag-bolsas-de-notex-con-fuelle","9":"product_tag-bolsas-de-notex-con-fuelle-lima","10":"product_tag-bolsas-de-notex-con-fuelle-peru","11":"product_tag-bolsas-de-notex-gamarra","12":"product_tag-bolsas-de-notex-gamarra-corporativas","13":"product_tag-bolsas-de-notex-personalizadas","14":"product_tag-bolsas-de-notex-personalizadas-lima","15":"product_tag-bolsas-de-notex-personalizadas-peru","16":"product_tag-bolsas-de-notex-por-mayor","17":"product_tag-bolsas-de-notex-por-mayor-lima","18":"product_tag-bolsas-de-notex-por-mayor-peru","19":"product_tag-bolsas-de-notex-por-mayor-publicitarias","20":"product_tag-bolsas-de-notex-por-mayor-publicitarias-lima","21":"product_tag-bolsas-de-notex-por-mayor-publicitarias-peru","22":"product_tag-bolsas-de-regalo-peru","23":"product_tag-bolsas-de-regalos-lima","24":"product_tag-bolsas-ecologicas","25":"product_tag-bolsas-ecologicas-corporativas","26":"product_tag-bolsas-ecologicas-lima","27":"product_tag-bolsas-ecologicas-peru","28":"product_tag-dayaperu","29":"product_tag-detalazo-peru","30":"product_tag-dulce-compania-peru","31":"product_tag-ecobag-peru","32":"product_tag-ecologics-peru","33":"product_tag-ecomillennials-peru","34":"product_tag-hennacorp-peru","35":"product_tag-notex-peru","36":"product_tag-regalos-con-proposito-peru","37":"product_tag-regalos-corporativos-anti-stress-peru","38":"product_tag-regalos-corporativos-clientes-peru","39":"product_tag-regalos-corporativos-cumpleanos-peru","40":"product_tag-regalos-corporativos-dia-de-la-amistad-peru","41":"product_tag-regalos-corporativos-dia-de-la-cancion-criolla-peru","42":"product_tag-regalos-corporativos-dia-de-la-madre-peru","43":"product_tag-regalos-corporativos-dia-de-la-maestra-peru","44":"product_tag-regalos-corporativos-dia-de-la-mujer","45":"product_tag-regalos-corporativos-dia-de-la-secretaria-peru","46":"product_tag-regalos-corporativos-dia-de-san-valentin-peru","47":"product_tag-regalos-corporativos-dia-del-empleado-peru","48":"product_tag-regalos-corporativos-dia-del-maestro-peru","49":"product_tag-regalos-corporativos-dia-del-nino","50":"product_tag-regalos-corporativos-dia-del-padre-peru","51":"product_tag-regalos-corporativos-dia-del-trabajador-peru","52":"product_tag-regalos-corporativos-halloween-peru","53":"product_tag-regalos-corporativos-home-office-peru","54":"product_tag-regalos-corporativos-incentivos-peru","55":"product_tag-regalos-corporativos-navidad-peru","56":"product_tag-regalos-corporativos-peru","57":"product_tag-regalos-dia-la-maestra-peru","58":"product_tag-regalos-ecologicos","59":"product_tag-regalos-ecologicos-baratos-peru","60":"product_tag-regalos-ecologicos-corporativos-peru","61":"product_tag-regalos-ecologicos-lima","62":"product_tag-regalos-ecologicos-peru","63":"product_tag-regalos-sostenibles-peru","64":"product_tag-shiwi-peru","65":"product_tag-tocuyo-peru","67":"first","68":"instock","69":"shipping-taxable","70":"product-type-simple"},"jetpack_sharing_enabled":true,"_links":{"self":[{"href":"https:\/\/regalosecologicosperu.com\/index.php\/wp-json\/wp\/v2\/product\/200","targetHints":{"allow":["GET"]}}],"collection":[{"href":"https:\/\/regalosecologicosperu.com\/index.php\/wp-json\/wp\/v2\/product"}],"about":[{"href":"https:\/\/regalosecologicosperu.com\/index.php\/wp-json\/wp\/v2\/types\/product"}],"wp:featuredmedia":[{"embeddable":true,"href":"https:\/\/regalosecologicosperu.com\/index.php\/wp-json\/wp\/v2\/media\/941"}],"wp:attachment":[{"href":"https:\/\/regalosecologicosperu.com\/index.php\/wp-json\/wp\/v2\/media?parent=200"}],"wp:term":[{"taxonomy":"product_brand","embeddable":true,"href":"https:\/\/regalosecologicosperu.com\/index.php\/wp-json\/wp\/v2\/product_brand?post=200"},{"taxonomy":"product_cat","embeddable":true,"href":"https:\/\/regalosecologicosperu.com\/index.php\/wp-json\/wp\/v2\/product_cat?post=200"},{"taxonomy":"product_tag","embeddable":true,"href":"https:\/\/regalosecologicosperu.com\/index.php\/wp-json\/wp\/v2\/product_tag?post=200"}],"curies":[{"name":"wp","href":"https:\/\/api.w.org\/{rel}","templated":true}]}}