{"id":216,"date":"2020-02-15T15:15:03","date_gmt":"2020-02-15T20:15:03","guid":{"rendered":"https:\/\/regalosecologicosperu.com\/?post_type=product&#038;p=216"},"modified":"2021-02-12T22:39:15","modified_gmt":"2021-02-13T03:39:15","slug":"bolsas-de-tocuyo-planas-regalo-corporativo","status":"publish","type":"product","link":"https:\/\/regalosecologicosperu.com\/index.php\/producto\/bolsas-de-tocuyo-planas-regalo-corporativo\/","title":{"rendered":"Tote Bag Tocuyo"},"content":{"rendered":"<p>En R<b>egalos Ecol\u00f3gicos Per\u00fa<\/b>\u00a0somos\u00a0<b>especialistas en bolsas ecol\u00f3gicas promocionales<\/b>, ofreci\u00e9ndote los mejores precios y m\u00e1s competitivos del mercado. Nuestra trayectoria y experiencia en el sector son la mejor garant\u00eda para que tu acci\u00f3n promocional sea todo un \u00e9xito.<\/p>\n<p>Las bolsas ecol\u00f3gicas de tocuyo son un excelente regalos corporativo ya que est\u00e1n hechas de algodon crudo, por tal motivo son ecologicas y sostenibles, ya que no han recibido tratamientos quimicos ni colorantes en su fibra, y pueden ser usadas miles de veces mas que una bolsa com\u00fan de pl\u00e1stico, son reutilizables y puedes lavarse facilmente.<\/p>\n<p>El respeto por el planeta, la calidad y el dise\u00f1o son la base de nuestros productos desde hace 3 a\u00f1os, por eso la planta y los componentes de su presentaci\u00f3n han sido cuidadosamente seleccionados. Con mimo y detalle lo preparamos todo en nuestro taller, \u00a0as\u00ed lo recibir\u00e1s listo para entregar y despertar sonrisas.<\/p>\n","protected":false},"excerpt":{"rendered":"<p>Tote Bag de Tocuyo<\/p>\n<ul>\n<li>Bolsa Ecol\u00f3gica de Tocuyo 100% Algodon Crudo , ideal para eventos, ferias, congresos.<\/li>\n<li>Medida 40 cm de alto por 35 cm de ancho planas y con Asa de tocuyo<\/li>\n<\/ul>\n","protected":false},"featured_media":944,"template":"","meta":{"_et_pb_use_builder":"","_et_pb_old_content":"","_et_gb_content_width":"","_joinchat":[]},"product_brand":[],"product_cat":[30],"product_tag":[151,218,228,238,215,217,227,237,222,232,242,225,220,230,240,223,233,243,221,224,234,244,231,241,216,226,236,235,219,229,239,149,147,152,146,148,150,154,105,103,102,87,88,83,108,91,86,82,111,107,90,84,110,89,106,104,85,145,109,132,144,143,142,45,155,153],"class_list":{"0":"post-216","1":"product","2":"type-product","3":"status-publish","4":"has-post-thumbnail","6":"product_cat-bolsas-de-tocuyo","7":"product_tag-arenat","8":"product_tag-bolsas-de-algodon","9":"product_tag-bolsas-de-algodon-lima","10":"product_tag-bolsas-de-algodon-peru","11":"product_tag-bolsas-de-tocuyo","12":"product_tag-bolsas-de-tocuyo-con-logo","13":"product_tag-bolsas-de-tocuyo-con-logo-lima","14":"product_tag-bolsas-de-tocuyo-con-logo-peru","15":"product_tag-bolsas-de-tocuyo-corporativas","16":"product_tag-bolsas-de-tocuyo-corporativas-lima","17":"product_tag-bolsas-de-tocuyo-corporativas-peru","18":"product_tag-bolsas-de-tocuyo-lima","19":"product_tag-bolsas-de-tocuyo-para-botellas","20":"product_tag-bolsas-de-tocuyo-para-botellas-lima","21":"product_tag-bolsas-de-tocuyo-para-botellas-peru","22":"product_tag-bolsas-de-tocuyo-para-empresas","23":"product_tag-bolsas-de-tocuyo-para-empresas-lima","24":"product_tag-bolsas-de-tocuyo-para-empresas-peru","25":"product_tag-bolsas-de-tocuyo-para-regalo","26":"product_tag-bolsas-de-tocuyo-para-regalo-empresas","27":"product_tag-bolsas-de-tocuyo-para-regalo-empresas-lima","28":"product_tag-bolsas-de-tocuyo-para-regalo-empresas-peru","29":"product_tag-bolsas-de-tocuyo-para-regalo-lima","30":"product_tag-bolsas-de-tocuyo-para-regalo-peru","31":"product_tag-bolsas-de-tocuyo-personalizadas","32":"product_tag-bolsas-de-tocuyo-personalizadas-lima","33":"product_tag-bolsas-de-tocuyo-personalizadas-peru","34":"product_tag-bolsas-de-tocuyo-peru","35":"product_tag-bolsas-de-tocuyo-publicitarias","36":"product_tag-bolsas-de-tocuyo-publicitarias-lima","37":"product_tag-bolsas-de-tocuyo-publicitarias-peru","38":"product_tag-dayaperu","39":"product_tag-detalazo-peru","40":"product_tag-dulce-compania-peru","41":"product_tag-ecologics-peru","42":"product_tag-ecomillennials-peru","43":"product_tag-hennacorp-peru","44":"product_tag-regalos-con-proposito-peru","45":"product_tag-regalos-corporativos-anti-stress-peru","46":"product_tag-regalos-corporativos-clientes-peru","47":"product_tag-regalos-corporativos-cumpleanos-peru","48":"product_tag-regalos-corporativos-dia-de-la-amistad-peru","49":"product_tag-regalos-corporativos-dia-de-la-cancion-criolla-peru","50":"product_tag-regalos-corporativos-dia-de-la-madre-peru","51":"product_tag-regalos-corporativos-dia-de-la-maestra-peru","52":"product_tag-regalos-corporativos-dia-de-la-mujer","53":"product_tag-regalos-corporativos-dia-de-la-secretaria-peru","54":"product_tag-regalos-corporativos-dia-de-san-valentin-peru","55":"product_tag-regalos-corporativos-dia-del-empleado-peru","56":"product_tag-regalos-corporativos-dia-del-maestro-peru","57":"product_tag-regalos-corporativos-dia-del-nino","58":"product_tag-regalos-corporativos-dia-del-padre-peru","59":"product_tag-regalos-corporativos-dia-del-trabajador-peru","60":"product_tag-regalos-corporativos-halloween-peru","61":"product_tag-regalos-corporativos-home-office-peru","62":"product_tag-regalos-corporativos-incentivos-peru","63":"product_tag-regalos-corporativos-navidad-peru","64":"product_tag-regalos-corporativos-peru","65":"product_tag-regalos-dia-la-maestra-peru","66":"product_tag-regalos-ecologicos","67":"product_tag-regalos-ecologicos-baratos-peru","68":"product_tag-regalos-ecologicos-corporativos-peru","69":"product_tag-regalos-ecologicos-lima","70":"product_tag-regalos-ecologicos-peru","71":"product_tag-regalos-sostenibles-peru","72":"product_tag-shiwi-peru","74":"first","75":"instock","76":"shipping-taxable","77":"product-type-simple"},"jetpack_sharing_enabled":true,"_links":{"self":[{"href":"https:\/\/regalosecologicosperu.com\/index.php\/wp-json\/wp\/v2\/product\/216","targetHints":{"allow":["GET"]}}],"collection":[{"href":"https:\/\/regalosecologicosperu.com\/index.php\/wp-json\/wp\/v2\/product"}],"about":[{"href":"https:\/\/regalosecologicosperu.com\/index.php\/wp-json\/wp\/v2\/types\/product"}],"wp:featuredmedia":[{"embeddable":true,"href":"https:\/\/regalosecologicosperu.com\/index.php\/wp-json\/wp\/v2\/media\/944"}],"wp:attachment":[{"href":"https:\/\/regalosecologicosperu.com\/index.php\/wp-json\/wp\/v2\/media?parent=216"}],"wp:term":[{"taxonomy":"product_brand","embeddable":true,"href":"https:\/\/regalosecologicosperu.com\/index.php\/wp-json\/wp\/v2\/product_brand?post=216"},{"taxonomy":"product_cat","embeddable":true,"href":"https:\/\/regalosecologicosperu.com\/index.php\/wp-json\/wp\/v2\/product_cat?post=216"},{"taxonomy":"product_tag","embeddable":true,"href":"https:\/\/regalosecologicosperu.com\/index.php\/wp-json\/wp\/v2\/product_tag?post=216"}],"curies":[{"name":"wp","href":"https:\/\/api.w.org\/{rel}","templated":true}]}}