{"id":225,"date":"2020-02-16T15:34:07","date_gmt":"2020-02-16T20:34:07","guid":{"rendered":"https:\/\/regalosecologicosperu.com\/?post_type=product&#038;p=225"},"modified":"2021-02-12T22:39:18","modified_gmt":"2021-02-13T03:39:18","slug":"bolso-mochila-de-tocuyo-regalos-ecologicos","status":"publish","type":"product","link":"https:\/\/regalosecologicosperu.com\/index.php\/producto\/bolso-mochila-de-tocuyo-regalos-ecologicos\/","title":{"rendered":"Mochila de Tocuyo"},"content":{"rendered":"<p>En R<b>egalos Ecol\u00f3gicos Per\u00fa<\/b>\u00a0somos\u00a0<b>especialistas en bolsas ecol\u00f3gicas promocionales<\/b>, ofreci\u00e9ndote los mejores precios y m\u00e1s competitivos del mercado. Nuestra trayectoria y experiencia en el sector son la mejor garant\u00eda para que tu acci\u00f3n promocional sea todo un \u00e9xito.<\/p>\n<p>Las bolsas ecol\u00f3gicas de tocuyo son un excelente regalos corporativo ya que est\u00e1n hechas de algodon crudo, por tal motivo son ecologicas y sostenibles, ya que no han recibido tratamientos quimicos ni colorantes en su fibra, y pueden ser usadas miles de veces mas que una bolsa com\u00fan de pl\u00e1stico, son reutilizables y puedes lavarse facilmente.<\/p>\n<p>El respeto por el planeta, la calidad y el dise\u00f1o son la base de nuestros productos desde hace 3 a\u00f1os, por eso la planta y los componentes de su presentaci\u00f3n han sido cuidadosamente seleccionados. Con mimo y detalle lo preparamos todo en nuestro taller, \u00a0as\u00ed lo recibir\u00e1s listo para entregar y despertar sonrisas.<\/p>\n<hr \/>\n<p><span style=\"color: #008000;\"><strong>COMO COMPRAR LOS PRODUCTOS<\/strong><\/span><\/p>\n<ol>\n<li>Elige y cotiza los productos seg\u00fan la cantidad que necesites en nuestra Tienda Online <a href=\"https:\/\/regalosecologicosperu.com\/\">www.regalosecologicosperu.com<\/a><\/li>\n<li>Comun\u00edcate v\u00eda WhatsApp al <span style=\"color: #008000;\"><strong>996 983 830<\/strong><\/span> o al Chat de la parte inferior cuando desees hacer una compra.<\/li>\n<li>Se te enviara el monto y el numero de cuenta para que realices el deposito o transferencia a la Cta. Bancaria, si deseas factura solic\u00edtala enviando la Raz\u00f3n Social y Ruc de la empresa.<\/li>\n<li>Incluye Dise\u00f1o predeterminado, el Logo o Dise\u00f1o debe enviarse en formato IA, COREL.<\/li>\n<li>Una vez aceptado el dise\u00f1o se manda a producci\u00f3n tu pedido y se entregara en la fecha acordada.<\/li>\n<\/ol>\n<hr \/>\n<div><\/div>\n<div><strong><span style=\"color: #008000;\">PERSONALIZADO DE LOS PRODUCTOS<\/span><\/strong><\/div>\n<div><\/div>\n<div>A partir de 100 unidades se puede personalizar con logo o dise\u00f1o impreso 1 color.<\/div>\n<div><\/div>\n<div><strong><span style=\"color: #008000;\">TIEMPO DE PRODUCCI\u00d3N Y ENTREGA DE LOS PRODUCTOS<\/span><\/strong><\/div>\n<div><\/div>\n<div>Una vez aprobado el dise\u00f1o demora entre 3 a 10 d\u00edas \u00fatiles para pedidos menores a 50 unidades.<\/div>\n<div>La entrega ser\u00e1 \u00fanicamente v\u00eda delivery ( el costo ser\u00e1 gratuito dependiendo del monto y direcci\u00f3n de entrega) y para Provincias por Encomienda v\u00eda Shalom o Marvisur para provincias.<\/div>\n<div><\/div>\n<div><span style=\"color: #008000;\"><strong>FORMAS DE PAGO Y FACTURACI\u00d3N<\/strong><\/span><\/div>\n<div><\/div>\n<div>50% del Pago por adelantado y la cancelaci\u00f3n del 50% antes de la entrega de los productos. Pago \u00fanicamente por Transferencia o Deposito Bancario a nuestras cuentas de Banco. No aceptamos pago en efectivo.<\/div>\n<div><\/div>\n<div><strong>Emitimos Boletas y Factura. Los Precios Incluyen IGV.<\/strong><\/div>\n","protected":false},"excerpt":{"rendered":"<ul>\n<li>Bolsa Ecol\u00f3gica de Tocuyo 100% Algodon Crudo , ideal para eventos, ferias, congresos.<\/li>\n<li>Medida 40 cm de alto por 35 cm de ancho planas y con Cordon Tipo Mochila de Algodon<\/li>\n<li>Ecol\u00f3gicas y reutilizables ideal para eventos, colegios, empresas, campa\u00f1as de concientizaci\u00f3n, etc<\/li>\n<li><b>Precio incluye impresi\u00f3n a un color a partir de 100 unidades\u00a0(impresi\u00f3n solo a partir de 100 unidades)<\/b><\/li>\n<\/ul>\n","protected":false},"featured_media":943,"template":"","meta":{"_et_pb_use_builder":"","_et_pb_old_content":"","_et_gb_content_width":"","_joinchat":[]},"product_brand":[],"product_cat":[30],"product_tag":[151,218,228,238,215,217,227,237,222,232,242,225,220,230,240,223,233,243,221,224,234,244,231,241,216,226,236,235,219,229,239,149,147,152,146,148,150,154,105,103,102,87,88,83,108,91,86,82,111,107,90,84,110,89,106,104,85,145,109,132,144,143,142,45,155,153],"class_list":{"0":"post-225","1":"product","2":"type-product","3":"status-publish","4":"has-post-thumbnail","6":"product_cat-bolsas-de-tocuyo","7":"product_tag-arenat","8":"product_tag-bolsas-de-algodon","9":"product_tag-bolsas-de-algodon-lima","10":"product_tag-bolsas-de-algodon-peru","11":"product_tag-bolsas-de-tocuyo","12":"product_tag-bolsas-de-tocuyo-con-logo","13":"product_tag-bolsas-de-tocuyo-con-logo-lima","14":"product_tag-bolsas-de-tocuyo-con-logo-peru","15":"product_tag-bolsas-de-tocuyo-corporativas","16":"product_tag-bolsas-de-tocuyo-corporativas-lima","17":"product_tag-bolsas-de-tocuyo-corporativas-peru","18":"product_tag-bolsas-de-tocuyo-lima","19":"product_tag-bolsas-de-tocuyo-para-botellas","20":"product_tag-bolsas-de-tocuyo-para-botellas-lima","21":"product_tag-bolsas-de-tocuyo-para-botellas-peru","22":"product_tag-bolsas-de-tocuyo-para-empresas","23":"product_tag-bolsas-de-tocuyo-para-empresas-lima","24":"product_tag-bolsas-de-tocuyo-para-empresas-peru","25":"product_tag-bolsas-de-tocuyo-para-regalo","26":"product_tag-bolsas-de-tocuyo-para-regalo-empresas","27":"product_tag-bolsas-de-tocuyo-para-regalo-empresas-lima","28":"product_tag-bolsas-de-tocuyo-para-regalo-empresas-peru","29":"product_tag-bolsas-de-tocuyo-para-regalo-lima","30":"product_tag-bolsas-de-tocuyo-para-regalo-peru","31":"product_tag-bolsas-de-tocuyo-personalizadas","32":"product_tag-bolsas-de-tocuyo-personalizadas-lima","33":"product_tag-bolsas-de-tocuyo-personalizadas-peru","34":"product_tag-bolsas-de-tocuyo-peru","35":"product_tag-bolsas-de-tocuyo-publicitarias","36":"product_tag-bolsas-de-tocuyo-publicitarias-lima","37":"product_tag-bolsas-de-tocuyo-publicitarias-peru","38":"product_tag-dayaperu","39":"product_tag-detalazo-peru","40":"product_tag-dulce-compania-peru","41":"product_tag-ecologics-peru","42":"product_tag-ecomillennials-peru","43":"product_tag-hennacorp-peru","44":"product_tag-regalos-con-proposito-peru","45":"product_tag-regalos-corporativos-anti-stress-peru","46":"product_tag-regalos-corporativos-clientes-peru","47":"product_tag-regalos-corporativos-cumpleanos-peru","48":"product_tag-regalos-corporativos-dia-de-la-amistad-peru","49":"product_tag-regalos-corporativos-dia-de-la-cancion-criolla-peru","50":"product_tag-regalos-corporativos-dia-de-la-madre-peru","51":"product_tag-regalos-corporativos-dia-de-la-maestra-peru","52":"product_tag-regalos-corporativos-dia-de-la-mujer","53":"product_tag-regalos-corporativos-dia-de-la-secretaria-peru","54":"product_tag-regalos-corporativos-dia-de-san-valentin-peru","55":"product_tag-regalos-corporativos-dia-del-empleado-peru","56":"product_tag-regalos-corporativos-dia-del-maestro-peru","57":"product_tag-regalos-corporativos-dia-del-nino","58":"product_tag-regalos-corporativos-dia-del-padre-peru","59":"product_tag-regalos-corporativos-dia-del-trabajador-peru","60":"product_tag-regalos-corporativos-halloween-peru","61":"product_tag-regalos-corporativos-home-office-peru","62":"product_tag-regalos-corporativos-incentivos-peru","63":"product_tag-regalos-corporativos-navidad-peru","64":"product_tag-regalos-corporativos-peru","65":"product_tag-regalos-dia-la-maestra-peru","66":"product_tag-regalos-ecologicos","67":"product_tag-regalos-ecologicos-baratos-peru","68":"product_tag-regalos-ecologicos-corporativos-peru","69":"product_tag-regalos-ecologicos-lima","70":"product_tag-regalos-ecologicos-peru","71":"product_tag-regalos-sostenibles-peru","72":"product_tag-shiwi-peru","74":"first","75":"instock","76":"shipping-taxable","77":"product-type-simple"},"jetpack_sharing_enabled":true,"_links":{"self":[{"href":"https:\/\/regalosecologicosperu.com\/index.php\/wp-json\/wp\/v2\/product\/225","targetHints":{"allow":["GET"]}}],"collection":[{"href":"https:\/\/regalosecologicosperu.com\/index.php\/wp-json\/wp\/v2\/product"}],"about":[{"href":"https:\/\/regalosecologicosperu.com\/index.php\/wp-json\/wp\/v2\/types\/product"}],"wp:featuredmedia":[{"embeddable":true,"href":"https:\/\/regalosecologicosperu.com\/index.php\/wp-json\/wp\/v2\/media\/943"}],"wp:attachment":[{"href":"https:\/\/regalosecologicosperu.com\/index.php\/wp-json\/wp\/v2\/media?parent=225"}],"wp:term":[{"taxonomy":"product_brand","embeddable":true,"href":"https:\/\/regalosecologicosperu.com\/index.php\/wp-json\/wp\/v2\/product_brand?post=225"},{"taxonomy":"product_cat","embeddable":true,"href":"https:\/\/regalosecologicosperu.com\/index.php\/wp-json\/wp\/v2\/product_cat?post=225"},{"taxonomy":"product_tag","embeddable":true,"href":"https:\/\/regalosecologicosperu.com\/index.php\/wp-json\/wp\/v2\/product_tag?post=225"}],"curies":[{"name":"wp","href":"https:\/\/api.w.org\/{rel}","templated":true}]}}