{"id":234,"date":"2020-02-15T16:55:03","date_gmt":"2020-02-15T21:55:03","guid":{"rendered":"https:\/\/regalosecologicosperu.com\/?post_type=product&#038;p=234"},"modified":"2020-03-18T10:30:13","modified_gmt":"2020-03-18T15:30:13","slug":"baby-bambu-lucky-en-maceta-cristal","status":"publish","type":"product","link":"https:\/\/regalosecologicosperu.com\/index.php\/producto\/baby-bambu-lucky-en-maceta-cristal\/","title":{"rendered":"BABY BAMBU LUCKY EN MACETA CRISTAL &#8211; REGALO VIVO"},"content":{"rendered":"<h2>Quienes Somos<\/h2>\n<div>Regalos Ecol\u00f3gicos Peru es una empresa formal innovadora que ha unido los conceptos ecol\u00f3gicos y la publicidad corporativa. Contamos con una gama de productos novedosos que dar\u00e1n a su empresa un Sello de distinci\u00f3n sobre el resto, demostrando el inter\u00e9s por dejar una huella diferente en el mercado.<\/div>\n<h2>Nuestra Misi\u00f3n<\/h2>\n<div>Regalos Ecol\u00f3gicos Peru es una empresa comprometida con la ecolog\u00eda y el cuidado al medio ambiente. Los regalos de empresa son un aliado en esta lucha por mejorar nuestro entorno. Al comprar regalos ecol\u00f3gicos demuestras tu inter\u00e9s de aportar y colaborar en la tarea de crear mayor consciencia para un consumo m\u00e1s responsable. Nuestra Misi\u00f3n es ayudarte a Maximizar tu mensaje Minimizando el impacto ambiental en Lima Peru.<\/div>\n<h2>Politica de la Empresa<\/h2>\n<div>\n<p>Hemos establecido una pol\u00edtica de excelencia en el servicio, alta calidad de nuestros productos, el cuidado del medio ambiente y la responsabilidad empresarial en beneficio de la comunidad.<\/p>\n<div>El objetivo fundamental de esta pol\u00edtica es conducirnos con un nivel de excelencia para brindar:<\/div>\n<div>\n<ul>\n<li>Seguridad y rapidez en el despacho de nuestros productos Una atenci\u00f3n c\u00e1lida, respetuosa y eficiente<\/li>\n<li>Desarrollo de Productos \u00a0de acuerdo a los requerimientos de cada cliente<\/li>\n<li>Capacitaci\u00f3n a fin de promover la responsabilidad por el cuidado del medio ambiente en nuestra empresa y en la comunidad<\/li>\n<li>Compromiso con las buenas pr\u00e1cticas profesionales y la calidad de nuestro servicio<\/li>\n<\/ul>\n<\/div>\n<\/div>\n","protected":false},"excerpt":{"rendered":"<p>RECUERDO LUCKY BAMBOO EN VIDRIO<\/p>\n<p>\u2013 Recuerdo listo para tu evento, matrimonio, bautizo, etc<br \/>\n\u2013 1 Vara de Bamboo de 10 cm<br \/>\n\u2013 Necesitan agua de forma frecuente<br \/>\n\u2013 Les gusta el sol indirecto<br \/>\n\u2013 No es un juguete, tiene vida<br \/>\n\u2013 Incluye Macetero vidrio, tarjeta, decoraci\u00f3n e instructivo de cuidados<\/p>\n","protected":false},"featured_media":241,"template":"","meta":{"_et_pb_use_builder":"","_et_pb_old_content":"","_et_gb_content_width":"","_joinchat":[]},"product_brand":[],"product_cat":[32],"product_tag":[],"class_list":{"0":"post-234","1":"product","2":"type-product","3":"status-publish","4":"has-post-thumbnail","6":"product_cat-plantas-regalos-vivos-lima-peru","8":"first","9":"instock","10":"shipping-taxable","11":"product-type-simple"},"jetpack_sharing_enabled":true,"_links":{"self":[{"href":"https:\/\/regalosecologicosperu.com\/index.php\/wp-json\/wp\/v2\/product\/234","targetHints":{"allow":["GET"]}}],"collection":[{"href":"https:\/\/regalosecologicosperu.com\/index.php\/wp-json\/wp\/v2\/product"}],"about":[{"href":"https:\/\/regalosecologicosperu.com\/index.php\/wp-json\/wp\/v2\/types\/product"}],"wp:featuredmedia":[{"embeddable":true,"href":"https:\/\/regalosecologicosperu.com\/index.php\/wp-json\/wp\/v2\/media\/241"}],"wp:attachment":[{"href":"https:\/\/regalosecologicosperu.com\/index.php\/wp-json\/wp\/v2\/media?parent=234"}],"wp:term":[{"taxonomy":"product_brand","embeddable":true,"href":"https:\/\/regalosecologicosperu.com\/index.php\/wp-json\/wp\/v2\/product_brand?post=234"},{"taxonomy":"product_cat","embeddable":true,"href":"https:\/\/regalosecologicosperu.com\/index.php\/wp-json\/wp\/v2\/product_cat?post=234"},{"taxonomy":"product_tag","embeddable":true,"href":"https:\/\/regalosecologicosperu.com\/index.php\/wp-json\/wp\/v2\/product_tag?post=234"}],"curies":[{"name":"wp","href":"https:\/\/api.w.org\/{rel}","templated":true}]}}