{"id":708,"date":"2021-01-27T13:00:35","date_gmt":"2021-01-27T18:00:35","guid":{"rendered":"https:\/\/regalosecologicosperu.com\/?post_type=product&#038;p=708"},"modified":"2021-01-27T13:40:45","modified_gmt":"2021-01-27T18:40:45","slug":"mini-jabones-artesanales-de-corazon","status":"publish","type":"product","link":"https:\/\/regalosecologicosperu.com\/index.php\/producto\/mini-jabones-artesanales-de-corazon\/","title":{"rendered":"Mini Jabones Artesanales de Coraz\u00f3n"},"content":{"rendered":"<p>Los jabones artesanales son hechos con aceites vegetales e insumos 100% naturales, como Aceite naturales\u00a0 Aceite de Oliva, Aceite de Soya, Manteca de Karit\u00e9 o Aceite de Coco.<\/p>\n<p>No usamos grasas de origen animal ni testeado en animales, por eso son 100% Crueltly Free.<\/p>\n<p>Tampoco detergentes, conservantes, sales espesantes o parabenos. Por ello nuestros jabones son suaves y poco agresivos con la piel que los comercializados en tiendas.<\/p>\n<p>Usamos aceites esenciales para nuestros jabones premium.<\/p>\n<p>Tenemos presentaciones originales para toda ocasi\u00f3n, tenemos como clientes a varias empresas reconocidas del pais, tambien tenemos jabones r\u00fasticos a base de romero y aloe, jabones artesanales a base de caf\u00e9 y vainilla, jabones con casta\u00f1a y miel, jabones a base de llant\u00e9n y lavanda, entre otros productos con propiedades \u00fanicas. Especialmente para regalos o fiestas, vienen en empaques con dise\u00f1o.<\/p>\n","protected":false},"excerpt":{"rendered":"<p>Mini Jabones Artesanales en Presentaci\u00f3n Ecol\u00f3gica, hechos con productos 100% naturales.<\/p>\n<ul>\n<li>Un Estuche Ecol\u00f3gico decorado Personalizable con Logo<\/li>\n<li>5 jaboncitos artesanales en forma de coraz\u00f3n con soguilla 100% Natural<\/li>\n<li>Incluye una Bolsita Ecol\u00f3gica de Regalo impresa con el Logo o Mensaje<\/li>\n<\/ul>\n","protected":false},"featured_media":709,"template":"","meta":{"_et_pb_use_builder":"","_et_pb_old_content":"","_et_gb_content_width":"","_joinchat":[]},"product_brand":[],"product_cat":[16,81],"product_tag":[72,71,68,70,69,75,66,73,67,64,59,61,58,57,62,63,60,55,56,65,44,74,76,105,103,102,87,88,83,108,91,86,82,111,107,90,84,110,89,106,104,85,109,77,80,78,79],"class_list":{"0":"post-708","1":"product","2":"type-product","3":"status-publish","4":"has-post-thumbnail","6":"product_cat-sin-categorizar","7":"product_cat-jabones-naturales-corporativos","8":"product_tag-jabon-artesanal-lima","9":"product_tag-jabon-artesanal-peru","10":"product_tag-jabon-artesanales-de-glicerina-peru","11":"product_tag-jabon-artesanales-naturales","12":"product_tag-jabon-artesanales-regalos-empresas","13":"product_tag-jabon-organico-peru","14":"product_tag-jabones-artesanales-corporativos-peru","15":"product_tag-jabones-artesanales-lima","16":"product_tag-jabones-artesanales-lima-peru","17":"product_tag-jabones-artesanales-para-baby-shower","18":"product_tag-jabones-artesanales-para-dia-de-la-madre","19":"product_tag-jabones-artesanales-para-empresas","20":"product_tag-jabones-artesanales-para-hombres","21":"product_tag-jabones-artesanales-para-navidad","22":"product_tag-jabones-artesanales-para-recuerdos","23":"product_tag-jabones-artesanales-para-recuerdos-de-boda","24":"product_tag-jabones-artesanales-para-regalar","25":"product_tag-jabones-artesanales-para-regalo","26":"product_tag-jabones-artesanales-para-san-valentin","27":"product_tag-jabones-artesanales-para-shower","28":"product_tag-jabones-artesanales-peru","29":"product_tag-jabones-naturales-peru","30":"product_tag-jabones-organicos-peru","31":"product_tag-regalos-corporativos-anti-stress-peru","32":"product_tag-regalos-corporativos-clientes-peru","33":"product_tag-regalos-corporativos-cumpleanos-peru","34":"product_tag-regalos-corporativos-dia-de-la-amistad-peru","35":"product_tag-regalos-corporativos-dia-de-la-cancion-criolla-peru","36":"product_tag-regalos-corporativos-dia-de-la-madre-peru","37":"product_tag-regalos-corporativos-dia-de-la-maestra-peru","38":"product_tag-regalos-corporativos-dia-de-la-mujer","39":"product_tag-regalos-corporativos-dia-de-la-secretaria-peru","40":"product_tag-regalos-corporativos-dia-de-san-valentin-peru","41":"product_tag-regalos-corporativos-dia-del-empleado-peru","42":"product_tag-regalos-corporativos-dia-del-maestro-peru","43":"product_tag-regalos-corporativos-dia-del-nino","44":"product_tag-regalos-corporativos-dia-del-padre-peru","45":"product_tag-regalos-corporativos-dia-del-trabajador-peru","46":"product_tag-regalos-corporativos-halloween-peru","47":"product_tag-regalos-corporativos-home-office-peru","48":"product_tag-regalos-corporativos-incentivos-peru","49":"product_tag-regalos-corporativos-navidad-peru","50":"product_tag-regalos-dia-la-maestra-peru","51":"product_tag-regalos-personalizados","52":"product_tag-regalos-personalizados-corporativos","53":"product_tag-regalos-personalizados-lima","54":"product_tag-regalos-personalizados-peru","56":"first","57":"instock","58":"shipping-taxable","59":"product-type-simple"},"jetpack_sharing_enabled":true,"_links":{"self":[{"href":"https:\/\/regalosecologicosperu.com\/index.php\/wp-json\/wp\/v2\/product\/708","targetHints":{"allow":["GET"]}}],"collection":[{"href":"https:\/\/regalosecologicosperu.com\/index.php\/wp-json\/wp\/v2\/product"}],"about":[{"href":"https:\/\/regalosecologicosperu.com\/index.php\/wp-json\/wp\/v2\/types\/product"}],"wp:featuredmedia":[{"embeddable":true,"href":"https:\/\/regalosecologicosperu.com\/index.php\/wp-json\/wp\/v2\/media\/709"}],"wp:attachment":[{"href":"https:\/\/regalosecologicosperu.com\/index.php\/wp-json\/wp\/v2\/media?parent=708"}],"wp:term":[{"taxonomy":"product_brand","embeddable":true,"href":"https:\/\/regalosecologicosperu.com\/index.php\/wp-json\/wp\/v2\/product_brand?post=708"},{"taxonomy":"product_cat","embeddable":true,"href":"https:\/\/regalosecologicosperu.com\/index.php\/wp-json\/wp\/v2\/product_cat?post=708"},{"taxonomy":"product_tag","embeddable":true,"href":"https:\/\/regalosecologicosperu.com\/index.php\/wp-json\/wp\/v2\/product_tag?post=708"}],"curies":[{"name":"wp","href":"https:\/\/api.w.org\/{rel}","templated":true}]}}