{"id":750,"date":"2021-01-28T20:47:53","date_gmt":"2021-01-29T01:47:53","guid":{"rendered":"https:\/\/regalosecologicosperu.com\/?post_type=product&#038;p=750"},"modified":"2022-06-02T10:18:59","modified_gmt":"2022-06-02T15:18:59","slug":"pildoras-anti-stress-corporativo","status":"publish","type":"product","link":"https:\/\/regalosecologicosperu.com\/index.php\/producto\/pildoras-anti-stress-corporativo\/","title":{"rendered":"Candy Jar Anti stress Corporativo"},"content":{"rendered":"<p>En\u00a0<b>regalos ecol\u00f3gicos peru<\/b>\u00a0somos\u00a0<strong>especialistas en dulce promocional<\/strong>, ofreci\u00e9ndote los mejores dulces al precio m\u00e1s competitivo del mercado. Nuestra trayectoria y experiencia en el sector son la mejor garant\u00eda para que tu acci\u00f3n promocional sea todo un \u00e9xito.<\/p>\n<p>La estrecha relaci\u00f3n que mantenemos con marcas de chocolates y dulces artesanales y tradicionales aportan un gran valor a nuestra empresa. Por ello te ofrecemos muchas opciones de regalar a tus clientes y\/o colaboradores deliciosas opciones que subiran la felicidad de quien los reciba<\/p>\n<p>El respeto por el planeta, la calidad y el dise\u00f1o son la base de nuestros productos desde hace 3 a\u00f1os, por eso la planta y los componentes de su presentaci\u00f3n han sido cuidadosamente seleccionados. Con mimo y detalle lo preparamos todo en nuestro taller, \u00a0as\u00ed lo recibir\u00e1s listo para entregar y despertar sonrisas.<\/p>\n<hr \/>\n<p><span style=\"color: #008000;\"><strong>COMO COMPRAR LOS PRODUCTOS<\/strong><\/span><\/p>\n<ol>\n<li>Elige y cotiza los productos seg\u00fan la cantidad que necesites en nuestra Tienda Online <a href=\"https:\/\/regalosecologicosperu.com\/\">www.regalosecologicosperu.com<\/a><\/li>\n<li>Comun\u00edcate v\u00eda WhatsApp al <span style=\"color: #008000;\"><strong>996 983 830<\/strong><\/span> o al Chat de la parte inferior cuando desees hacer una compra.<\/li>\n<li>Se te enviara el monto y el numero de cuenta para que realices el deposito o transferencia a la Cta. Bancaria, si deseas factura solic\u00edtala enviando la Raz\u00f3n Social y Ruc de la empresa.<\/li>\n<li>Incluye Dise\u00f1o predeterminado, el Logo o Dise\u00f1o debe enviarse en formato IA, COREL.<\/li>\n<li>Una vez aceptado el dise\u00f1o se manda a producci\u00f3n tu pedido y se entregara en la fecha acordada.<\/li>\n<\/ol>\n<hr \/>\n<div><\/div>\n<div><strong><span style=\"color: #008000;\">PERSONALIZADO DE LOS PRODUCTOS<\/span><\/strong><\/div>\n<div><\/div>\n<div>Los pedidos menores a 25 unidades solo llevan una tag impresa full color con el Logo, Dise\u00f1o o Mensaje impreso.<\/div>\n<div>Se personaliza la caja con un adhesivo impreso full color en la caja a partir de 25 unidades. A partir de 100 unidades se puede personalizar la caja con logo o dise\u00f1o impreso 1 color.<\/div>\n<div><\/div>\n<div><strong><span style=\"color: #008000;\">TIEMPO DE PRODUCCI\u00d3N Y ENTREGA DE LOS PRODUCTOS<\/span><\/strong><\/div>\n<div><\/div>\n<div>Una vez aprobado el dise\u00f1o demora entre 3 a 10 d\u00edas \u00fatiles para pedidos menores a 50 unidades.<\/div>\n<div>La entrega ser\u00e1 \u00fanicamente v\u00eda delivery ( el costo ser\u00e1 gratuito dependiendo del monto y direcci\u00f3n de entrega) y para Provincias por Encomienda v\u00eda Shalom o Marvisur para provincias.<\/div>\n<div><\/div>\n<div><span style=\"color: #008000;\"><strong>FORMAS DE PAGO Y FACTURACI\u00d3N<\/strong><\/span><\/div>\n<div><\/div>\n<div>50% del Pago por adelantado y la cancelaci\u00f3n del 50% antes de la entrega de los productos. Pago \u00fanicamente por Transferencia o Deposito Bancario a nuestras cuentas de Banco. No aceptamos pago en efectivo.<\/div>\n<div><\/div>\n<div><strong>Emitimos Boletas y Factura. Los Precios Incluyen IGV.<\/strong><\/div>\n","protected":false},"excerpt":{"rendered":"<p>Un gran detalle lleno de amor, alegr\u00eda y dulzura.<\/p>\n<ul>\n<li>Un jar estandar de vidrio\u00a0 lleno de dulces a escoger<\/li>\n<li>Una tag Personalizada<\/li>\n<li>Jar personalizado con frase o mensaje<\/li>\n<\/ul>\n","protected":false},"featured_media":1195,"template":"","meta":{"_et_pb_use_builder":"","_et_pb_old_content":"","_et_gb_content_width":"","_joinchat":[]},"product_brand":[],"product_cat":[156],"product_tag":[151,159,190,188,189,191,181,171,165,166,167,160,168,177,149,147,175,152,157,172,180,173,174,179,169,170,146,148,158,150,182,176,161,164,163,162,154,105,103,102,87,88,83,108,91,86,82,111,107,90,84,110,89,106,104,85,145,109,132,144,143,142,45,155,153,186,185,183,184,187,178],"class_list":{"0":"post-750","1":"product","2":"type-product","3":"status-publish","4":"has-post-thumbnail","6":"product_cat-dulces-chocolates-corporativo","7":"product_tag-arenat","8":"product_tag-bombones-regalo-empresa","9":"product_tag-box-de-dulces-peru","10":"product_tag-box-dulces","11":"product_tag-box-dulces-empresas-corporativo","12":"product_tag-box-dulces-para-regalar-peru","13":"product_tag-candy-bar-en-peru-frasquitos-con-dulces","14":"product_tag-caramelos-personalizados","15":"product_tag-chocolates-para-regalar-lima","16":"product_tag-chocolates-personalizados","17":"product_tag-chocolates-personalizados-lima","18":"product_tag-chocolates-personalizados-para-empresas","19":"product_tag-chocolates-personalizados-peru","20":"product_tag-crea","21":"product_tag-dayaperu","22":"product_tag-detalazo-peru","23":"product_tag-dulce-compania","24":"product_tag-dulce-compania-peru","25":"product_tag-dulces-corporativos-lima","26":"product_tag-dulces-en-sobres-personalizados","27":"product_tag-dulces-para-empresas","28":"product_tag-dulces-personalizados-lima","29":"product_tag-dulces-personalizados-peru","30":"product_tag-dulces-personalizados-y-con-marca","31":"product_tag-dulces-personalizados-y-corporativos","32":"product_tag-dulces-personalizados-y-regalos-corporativos","33":"product_tag-ecologics-peru","34":"product_tag-ecomillennials-peru","35":"product_tag-golosinas-publicitarias-para-tu-empresa","36":"product_tag-hennacorp-peru","37":"product_tag-jar-con-dulces","38":"product_tag-organiza","39":"product_tag-paletas-de-caramelo-peru","40":"product_tag-regalos-con-chocolates-empresas","41":"product_tag-regalos-con-chocolates-para-hombres","42":"product_tag-regalos-con-chocolates-para-mujeres","43":"product_tag-regalos-con-proposito-peru","44":"product_tag-regalos-corporativos-anti-stress-peru","45":"product_tag-regalos-corporativos-clientes-peru","46":"product_tag-regalos-corporativos-cumpleanos-peru","47":"product_tag-regalos-corporativos-dia-de-la-amistad-peru","48":"product_tag-regalos-corporativos-dia-de-la-cancion-criolla-peru","49":"product_tag-regalos-corporativos-dia-de-la-madre-peru","50":"product_tag-regalos-corporativos-dia-de-la-maestra-peru","51":"product_tag-regalos-corporativos-dia-de-la-mujer","52":"product_tag-regalos-corporativos-dia-de-la-secretaria-peru","53":"product_tag-regalos-corporativos-dia-de-san-valentin-peru","54":"product_tag-regalos-corporativos-dia-del-empleado-peru","55":"product_tag-regalos-corporativos-dia-del-maestro-peru","56":"product_tag-regalos-corporativos-dia-del-nino","57":"product_tag-regalos-corporativos-dia-del-padre-peru","58":"product_tag-regalos-corporativos-dia-del-trabajador-peru","59":"product_tag-regalos-corporativos-halloween-peru","60":"product_tag-regalos-corporativos-home-office-peru","61":"product_tag-regalos-corporativos-incentivos-peru","62":"product_tag-regalos-corporativos-navidad-peru","63":"product_tag-regalos-corporativos-peru","64":"product_tag-regalos-dia-la-maestra-peru","65":"product_tag-regalos-ecologicos","66":"product_tag-regalos-ecologicos-baratos-peru","67":"product_tag-regalos-ecologicos-corporativos-peru","68":"product_tag-regalos-ecologicos-lima","69":"product_tag-regalos-ecologicos-peru","70":"product_tag-regalos-sostenibles-peru","71":"product_tag-shiwi-peru","72":"product_tag-tazas-con-dulces-corporativo-peru","73":"product_tag-tazas-con-dulces-empresas","74":"product_tag-tazas-con-dulces-lima","75":"product_tag-tazas-con-dulces-peru","76":"product_tag-tazas-personalizadas-con-dulces","77":"product_tag-vive-bonito","79":"first","80":"instock","81":"shipping-taxable","82":"product-type-simple"},"jetpack_sharing_enabled":true,"_links":{"self":[{"href":"https:\/\/regalosecologicosperu.com\/index.php\/wp-json\/wp\/v2\/product\/750","targetHints":{"allow":["GET"]}}],"collection":[{"href":"https:\/\/regalosecologicosperu.com\/index.php\/wp-json\/wp\/v2\/product"}],"about":[{"href":"https:\/\/regalosecologicosperu.com\/index.php\/wp-json\/wp\/v2\/types\/product"}],"wp:featuredmedia":[{"embeddable":true,"href":"https:\/\/regalosecologicosperu.com\/index.php\/wp-json\/wp\/v2\/media\/1195"}],"wp:attachment":[{"href":"https:\/\/regalosecologicosperu.com\/index.php\/wp-json\/wp\/v2\/media?parent=750"}],"wp:term":[{"taxonomy":"product_brand","embeddable":true,"href":"https:\/\/regalosecologicosperu.com\/index.php\/wp-json\/wp\/v2\/product_brand?post=750"},{"taxonomy":"product_cat","embeddable":true,"href":"https:\/\/regalosecologicosperu.com\/index.php\/wp-json\/wp\/v2\/product_cat?post=750"},{"taxonomy":"product_tag","embeddable":true,"href":"https:\/\/regalosecologicosperu.com\/index.php\/wp-json\/wp\/v2\/product_tag?post=750"}],"curies":[{"name":"wp","href":"https:\/\/api.w.org\/{rel}","templated":true}]}}