{"id":900,"date":"2021-02-12T13:37:59","date_gmt":"2021-02-12T18:37:59","guid":{"rendered":"https:\/\/regalosecologicosperu.com\/?post_type=product&#038;p=900"},"modified":"2021-02-12T13:39:47","modified_gmt":"2021-02-12T18:39:47","slug":"bambu-lucky-gifty","status":"publish","type":"product","link":"https:\/\/regalosecologicosperu.com\/index.php\/producto\/bambu-lucky-gifty\/","title":{"rendered":"Bambu Lucky Gifty"},"content":{"rendered":"<p>Se dice que\u00a0<b>regalar<\/b>\u00a0una planta de\u00a0<b>bamb\u00fa<\/b>, adem\u00e1s de demostrar el cari\u00f1o y las buenas intensiones de quien lo\u00a0<b>regala<\/b>, trae buena\u00a0<b>suerte<\/b>\u00a0al nuevo due\u00f1o. Y seg\u00fan el Feng Shui el n\u00famero de tallos de un\u00a0<b>bamb\u00fa de la suerte<\/b> afectar\u00e1 a un sector en espec\u00edfico de la vida del propietario.<\/p>\n<p>La presentaci\u00f3n, adem\u00e1s de elegante y natural, es ecol\u00f3gica: La planta se entrega en macetas biodegradables y vienen dentro de una hermosa caja de cart\u00f3n kraft reciclado con papel de seda.<\/p>\n<p>El respeto por el planeta, la calidad y el dise\u00f1o son la base de nuestros productos desde hace 10 a\u00f1os, por eso las plantas y los componentes de su presentaci\u00f3n han sido cuidadosamente seleccionados con mimo y detalle lo preparamos todo en nuestro taller, \u00a0as\u00ed lo recibir\u00e1s listo para entregar y despertar sonrisas.<\/p>\n","protected":false},"excerpt":{"rendered":"<p>Hermosos Mini bambu lucky de la suerte, que traer\u00e1n felicidad y prosperidad a quienes lo reciban, incluye una maceta de colores que atraen alegr\u00eda, felicidad, paz y tranquilidad a tu vida.<\/p>\n<p>Incluye una bolsa ecol\u00f3gica de regalo y una tarjeta personalizada.<\/p>\n","protected":false},"featured_media":901,"template":"","meta":{"_et_pb_use_builder":"","_et_pb_old_content":"","_et_gb_content_width":"","_joinchat":[]},"product_brand":[],"product_cat":[279],"product_tag":[283,281,282,280,247,276,116,117,119,120,121,122,248,249,285,274,250,284,286,130,131,251,252,253,254,132,45,46,133,255,256,257,258,259,260,261,262,263,264,77,135,265,266,267,268,269,270,271,137,138,278,139,277,275,140,141,272,273],"class_list":{"0":"post-900","1":"product","2":"type-product","3":"status-publish","4":"has-post-thumbnail","6":"product_cat-bambu-lucky","7":"product_tag-bambo-regalos-corporativos","8":"product_tag-bambu-lucky","9":"product_tag-bambu-lucky-peru","10":"product_tag-bambu-peru","11":"product_tag-box-de-regalos-corporativos-cajas-de-regalo-corporativos","12":"product_tag-box-de-suculentas","13":"product_tag-kokedamas","14":"product_tag-kokedamas-peru","15":"product_tag-lima","16":"product_tag-macetas-biodegradables","17":"product_tag-macetas-de-arcilla","18":"product_tag-macetas-de-cemento","19":"product_tag-macetas-decorativas-peru","20":"product_tag-merchandising-ecologico-peru","21":"product_tag-mini-bambu-regalo","22":"product_tag-mini-suculentas","23":"product_tag-plantas-regalar-plantas","24":"product_tag-recuerdos-bambu-lucky","25":"product_tag-recuerdos-bodas","26":"product_tag-regalar-vida","27":"product_tag-regalos-corporativos","28":"product_tag-regalos-corporativos-premium","29":"product_tag-regalos-de-aniversario-para-mi-novio","30":"product_tag-regalos-de-cumpleanos","31":"product_tag-regalos-de-navidad","32":"product_tag-regalos-ecologicos","33":"product_tag-regalos-ecologicos-peru","34":"product_tag-regalos-ecologicos-premium","35":"product_tag-regalos-empresariales","36":"product_tag-regalos-empresariales-premium","37":"product_tag-regalos-flores","38":"product_tag-regalos-para-cumpleanos","39":"product_tag-regalos-para-el-dia-del-padre","40":"product_tag-regalos-para-hombres","41":"product_tag-regalos-para-mama","42":"product_tag-regalos-para-mi-novio","43":"product_tag-regalos-para-mujeres","44":"product_tag-regalos-para-navidad","45":"product_tag-regalos-para-papa","46":"product_tag-regalos-personalizados","47":"product_tag-regalos-premium","48":"product_tag-regalos-premium-a-domicilio","49":"product_tag-regalos-premium-corporativos","50":"product_tag-regalos-premium-para-empresas","51":"product_tag-regalos-premium-para-hombres","52":"product_tag-regalos-premium-para-mujeres","53":"product_tag-regalos-premium-peru","54":"product_tag-regalos-promocionales","55":"product_tag-regalos-vivos-peru","56":"product_tag-suculentas","57":"product_tag-suculentas-en-peru","58":"product_tag-suculentas-peru","59":"product_tag-suculentas-por-mayor-peru","60":"product_tag-suculentas-regalos","61":"product_tag-suculentasperu","62":"product_tag-vivero-lima-peru","63":"product_tag-vivos-regalos-vivos","64":"product_tag-wilson","66":"first","67":"instock","68":"shipping-taxable","69":"product-type-simple"},"jetpack_sharing_enabled":true,"_links":{"self":[{"href":"https:\/\/regalosecologicosperu.com\/index.php\/wp-json\/wp\/v2\/product\/900","targetHints":{"allow":["GET"]}}],"collection":[{"href":"https:\/\/regalosecologicosperu.com\/index.php\/wp-json\/wp\/v2\/product"}],"about":[{"href":"https:\/\/regalosecologicosperu.com\/index.php\/wp-json\/wp\/v2\/types\/product"}],"wp:featuredmedia":[{"embeddable":true,"href":"https:\/\/regalosecologicosperu.com\/index.php\/wp-json\/wp\/v2\/media\/901"}],"wp:attachment":[{"href":"https:\/\/regalosecologicosperu.com\/index.php\/wp-json\/wp\/v2\/media?parent=900"}],"wp:term":[{"taxonomy":"product_brand","embeddable":true,"href":"https:\/\/regalosecologicosperu.com\/index.php\/wp-json\/wp\/v2\/product_brand?post=900"},{"taxonomy":"product_cat","embeddable":true,"href":"https:\/\/regalosecologicosperu.com\/index.php\/wp-json\/wp\/v2\/product_cat?post=900"},{"taxonomy":"product_tag","embeddable":true,"href":"https:\/\/regalosecologicosperu.com\/index.php\/wp-json\/wp\/v2\/product_tag?post=900"}],"curies":[{"name":"wp","href":"https:\/\/api.w.org\/{rel}","templated":true}]}}