{"id":914,"date":"2021-02-12T18:51:42","date_gmt":"2021-02-12T23:51:42","guid":{"rendered":"https:\/\/regalosecologicosperu.com\/?post_type=product&#038;p=914"},"modified":"2021-02-12T18:54:08","modified_gmt":"2021-02-12T23:54:08","slug":"mini-huerto-en-casa-california","status":"publish","type":"product","link":"https:\/\/regalosecologicosperu.com\/index.php\/producto\/mini-huerto-en-casa-california\/","title":{"rendered":"Mini Huerto en Casa California"},"content":{"rendered":"<p><strong>\u00bfTe gustar\u00eda consumir productos naturales y cuidar el medio ambiente? \u00bfquieres que tus hijos e hijas aprendan a proteger la naturaleza?<\/strong>\u00a0Tener un\u00a0<strong>huerto urbano<\/strong> en tu casa puede ser una soluci\u00f3n f\u00e1cil y econ\u00f3mica.<\/p>\n<p>Tener un <strong>huerto en casa<\/strong>\u00a0tiene un impacto enorme en el medio ambiente que se manifiesta de varias formas:<\/p>\n<ul>\n<li>Gran parte de la superficie de la tierra se dedica a cultivo.<\/li>\n<li>La agricultura consume la mayor parte del agua que se utiliza para el hombre.<\/li>\n<li>Los cultivos producen la p\u00e9rdida de h\u00e1bitats naturales.<\/li>\n<li>Aumenta la contaminaci\u00f3n ya que se deben transportar los productos.<\/li>\n<li>Contamina el suelo con los fertilizantes y los pesticidas.<\/li>\n<\/ul>\n<p>Con una agricultura sostenible es posible invertir los efectos de la agricultura en el medioambiente y conservar la biodiversidad y los paisajes.<\/p>\n","protected":false},"excerpt":{"rendered":"<p>Mini huerto en casa, es una Jardinera de madera de pino, preparada para Cultivar Plantas Arom\u00e1ticas, es un regalo ideal para tener tu peque\u00f1o huerto de plantas arom\u00e1ticas con jardinera incluida!<\/p>\n<p>Instructivo de mantenimiento, plantas vivas Albahaca, Culantro y Perejil,\u00a0 Caja en madera cultivada 30cm x 10cm x 10cm.<\/p>\n","protected":false},"featured_media":915,"template":"","meta":{"_et_pb_use_builder":"","_et_pb_old_content":"","_et_gb_content_width":"","_joinchat":[]},"product_brand":[],"product_cat":[287],"product_tag":[151,112,149,147,152,146,148,113,150,292,50,53,115,114,47,49,48,116,117,118,119,120,121,122,123,124,290,288,125,289,126,127,128,129,130,154,131,105,103,102,87,88,83,108,91,86,82,111,107,90,84,110,291,89,106,104,85,145,109,132,144,143,142,45,133,134,77,135,155,136,137,153,138,139,140,141],"class_list":{"0":"post-914","1":"product","2":"type-product","3":"status-publish","4":"has-post-thumbnail","6":"product_cat-mini-huerto-en-casa","7":"product_tag-arenat","8":"product_tag-barato","9":"product_tag-dayaperu","10":"product_tag-detalazo-peru","11":"product_tag-dulce-compania-peru","12":"product_tag-ecologics-peru","13":"product_tag-ecomillennials-peru","14":"product_tag-economico","15":"product_tag-hennacorp-peru","16":"product_tag-kit-de-plantas-aromaticas-peru","17":"product_tag-kit-de-siembra","18":"product_tag-kit-de-siembra-corporativo","19":"product_tag-kit-de-siembra-corporativo-peru","20":"product_tag-kit-de-siembra-lima","21":"product_tag-kit-de-siembra-peru","22":"product_tag-kits-de-siembra","23":"product_tag-kits-de-siembra-peru","24":"product_tag-kokedamas","25":"product_tag-kokedamas-peru","26":"product_tag-kokedamasperu","27":"product_tag-lima","28":"product_tag-macetas-biodegradables","29":"product_tag-macetas-de-arcilla","30":"product_tag-macetas-de-cemento","31":"product_tag-merchandising-ecologico","32":"product_tag-mini-huerto","33":"product_tag-mini-huerto-casero","34":"product_tag-mini-huerto-en-casa","35":"product_tag-mini-huerto-peru","36":"product_tag-mini-huerto-urbano","37":"product_tag-mini-huerto-urbano-peru","38":"product_tag-peru","39":"product_tag-plantas-aromaticas","40":"product_tag-regalar-plantas","41":"product_tag-regalar-vida","42":"product_tag-regalos-con-proposito-peru","43":"product_tag-regalos-corporativos","44":"product_tag-regalos-corporativos-anti-stress-peru","45":"product_tag-regalos-corporativos-clientes-peru","46":"product_tag-regalos-corporativos-cumpleanos-peru","47":"product_tag-regalos-corporativos-dia-de-la-amistad-peru","48":"product_tag-regalos-corporativos-dia-de-la-cancion-criolla-peru","49":"product_tag-regalos-corporativos-dia-de-la-madre-peru","50":"product_tag-regalos-corporativos-dia-de-la-maestra-peru","51":"product_tag-regalos-corporativos-dia-de-la-mujer","52":"product_tag-regalos-corporativos-dia-de-la-secretaria-peru","53":"product_tag-regalos-corporativos-dia-de-san-valentin-peru","54":"product_tag-regalos-corporativos-dia-del-empleado-peru","55":"product_tag-regalos-corporativos-dia-del-maestro-peru","56":"product_tag-regalos-corporativos-dia-del-nino","57":"product_tag-regalos-corporativos-dia-del-padre-peru","58":"product_tag-regalos-corporativos-dia-del-trabajador-peru","59":"product_tag-regalos-corporativos-ecologicos","60":"product_tag-regalos-corporativos-halloween-peru","61":"product_tag-regalos-corporativos-home-office-peru","62":"product_tag-regalos-corporativos-incentivos-peru","63":"product_tag-regalos-corporativos-navidad-peru","64":"product_tag-regalos-corporativos-peru","65":"product_tag-regalos-dia-la-maestra-peru","66":"product_tag-regalos-ecologicos","67":"product_tag-regalos-ecologicos-baratos-peru","68":"product_tag-regalos-ecologicos-corporativos-peru","69":"product_tag-regalos-ecologicos-lima","70":"product_tag-regalos-ecologicos-peru","71":"product_tag-regalos-empresariales","72":"product_tag-regalos-navidad","73":"product_tag-regalos-personalizados","74":"product_tag-regalos-premium","75":"product_tag-regalos-sostenibles-peru","76":"product_tag-regalos-vivos","77":"product_tag-regalos-vivos-peru","78":"product_tag-shiwi-peru","79":"product_tag-suculentas","80":"product_tag-suculentas-peru","81":"product_tag-suculentasperu","82":"product_tag-vivero-lima-peru","84":"first","85":"instock","86":"shipping-taxable","87":"product-type-simple"},"jetpack_sharing_enabled":true,"_links":{"self":[{"href":"https:\/\/regalosecologicosperu.com\/index.php\/wp-json\/wp\/v2\/product\/914","targetHints":{"allow":["GET"]}}],"collection":[{"href":"https:\/\/regalosecologicosperu.com\/index.php\/wp-json\/wp\/v2\/product"}],"about":[{"href":"https:\/\/regalosecologicosperu.com\/index.php\/wp-json\/wp\/v2\/types\/product"}],"wp:featuredmedia":[{"embeddable":true,"href":"https:\/\/regalosecologicosperu.com\/index.php\/wp-json\/wp\/v2\/media\/915"}],"wp:attachment":[{"href":"https:\/\/regalosecologicosperu.com\/index.php\/wp-json\/wp\/v2\/media?parent=914"}],"wp:term":[{"taxonomy":"product_brand","embeddable":true,"href":"https:\/\/regalosecologicosperu.com\/index.php\/wp-json\/wp\/v2\/product_brand?post=914"},{"taxonomy":"product_cat","embeddable":true,"href":"https:\/\/regalosecologicosperu.com\/index.php\/wp-json\/wp\/v2\/product_cat?post=914"},{"taxonomy":"product_tag","embeddable":true,"href":"https:\/\/regalosecologicosperu.com\/index.php\/wp-json\/wp\/v2\/product_tag?post=914"}],"curies":[{"name":"wp","href":"https:\/\/api.w.org\/{rel}","templated":true}]}}